{"id":16067,"date":"2025-11-25T14:43:16","date_gmt":"2025-11-25T14:43:16","guid":{"rendered":"https:\/\/deccore.com.br\/loja\/?post_type=product&#038;p=16067"},"modified":"2025-11-25T14:47:46","modified_gmt":"2025-11-25T14:47:46","slug":"mesa-jantar-eva-2000x1000x760-pronta-entrega","status":"publish","type":"product","link":"https:\/\/deccore.com.br\/loja\/product\/mesa-jantar-eva-2000x1000x760-pronta-entrega\/","title":{"rendered":"MESA JANTAR EVA 2000X1000X760-NOGUEIRA-PRONTA ENTREGA"},"content":{"rendered":"","protected":false},"excerpt":{"rendered":"<p>MEDIDAS DISPON\u00cdVEIS PARA ENCOMENDA:<\/p>\n<p>V\u00c1RIAS OP\u00c7\u00d5ES DE ACABAMENTOS.<\/p>\n<p>1500 x 1500 x 760\u00a0::\u00a0<a class=\"dow\" href=\"https:\/\/www.essenzamoveis.com.br\/pt\/detalhe\/mesas-de-jantar\/eva#\" data-toggle=\"modal\" data-target=\"#ModalDownloadSKP\">SKP<\/a><\/p>\n<p>&nbsp;<\/p>\n<p>1600 x 1600 x 760\u00a0::<\/p>\n<p>2000 x 1200 x 760\u00a0::<\/p>\n<p>2200 x 1100 x 760\u00a0::<\/p>\n<p>2400 x 1200 x 760\u00a0::<\/p>\n<p>2700 x 1200 x 760\u00a0::<\/p>\n<p>2980 x 1200 x 760<\/p>\n","protected":false},"featured_media":16068,"template":"","meta":[],"product_brand":[],"product_cat":[15,69],"product_tag":[],"class_list":{"0":"post-16067","1":"product","2":"type-product","3":"status-publish","4":"has-post-thumbnail","6":"product_cat-uncategorized","7":"product_cat-mesa-jantar","9":"first","10":"instock","11":"shipping-taxable","12":"product-type-simple"},"_links":{"self":[{"href":"https:\/\/deccore.com.br\/loja\/wp-json\/wp\/v2\/product\/16067","targetHints":{"allow":["GET"]}}],"collection":[{"href":"https:\/\/deccore.com.br\/loja\/wp-json\/wp\/v2\/product"}],"about":[{"href":"https:\/\/deccore.com.br\/loja\/wp-json\/wp\/v2\/types\/product"}],"version-history":[{"count":2,"href":"https:\/\/deccore.com.br\/loja\/wp-json\/wp\/v2\/product\/16067\/revisions"}],"predecessor-version":[{"id":16070,"href":"https:\/\/deccore.com.br\/loja\/wp-json\/wp\/v2\/product\/16067\/revisions\/16070"}],"wp:featuredmedia":[{"embeddable":true,"href":"https:\/\/deccore.com.br\/loja\/wp-json\/wp\/v2\/media\/16068"}],"wp:attachment":[{"href":"https:\/\/deccore.com.br\/loja\/wp-json\/wp\/v2\/media?parent=16067"}],"wp:term":[{"taxonomy":"product_brand","embeddable":true,"href":"https:\/\/deccore.com.br\/loja\/wp-json\/wp\/v2\/product_brand?post=16067"},{"taxonomy":"product_cat","embeddable":true,"href":"https:\/\/deccore.com.br\/loja\/wp-json\/wp\/v2\/product_cat?post=16067"},{"taxonomy":"product_tag","embeddable":true,"href":"https:\/\/deccore.com.br\/loja\/wp-json\/wp\/v2\/product_tag?post=16067"}],"curies":[{"name":"wp","href":"https:\/\/api.w.org\/{rel}","templated":true}]}}