{"id":16077,"date":"2025-12-01T19:54:06","date_gmt":"2025-12-01T19:54:06","guid":{"rendered":"https:\/\/deccore.com.br\/loja\/?post_type=product&#038;p=16077"},"modified":"2025-12-01T19:59:05","modified_gmt":"2025-12-01T19:59:05","slug":"mesa-lateral-luma-anz-assadesing-pronta-entrega","status":"publish","type":"product","link":"https:\/\/deccore.com.br\/loja\/product\/mesa-lateral-luma-anz-assadesing-pronta-entrega\/","title":{"rendered":"MESA LATERAL LUMA &#8211; ANZ- ASSADESING- PRONTA ENTREGA"},"content":{"rendered":"<div class=\"row mt-3\">\n<p>&nbsp;<\/p>\n<\/div>\n","protected":false},"excerpt":{"rendered":"<div class=\"technical-information\">\n<h5>Informa\u00e7\u00f5es T\u00e9cnicas:<\/h5>\n<ul>\n<li>Dimens\u00f5es:L- 405 X A-530 X P-405<\/li>\n<li>Downloads:\n<p><a href=\"https:\/\/ancezki.com.br\/wp-content\/uploads\/2025\/03\/Mesa-Lateral-Luma.skp\" target=\"_blank\" rel=\"noopener\">\u00a0Baixar Modelo 3D<\/a><\/li>\n<\/ul>\n<\/div>\n<p>&nbsp;<\/p>\n","protected":false},"featured_media":16078,"template":"","meta":[],"product_brand":[],"product_cat":[15,87,71,95],"product_tag":[],"class_list":{"0":"post-16077","1":"product","2":"type-product","3":"status-publish","4":"has-post-thumbnail","6":"product_cat-uncategorized","7":"product_cat-mesa-auxiliar","8":"product_cat-mesa-de-apoio","9":"product_cat-mesa-lateral","11":"first","12":"onbackorder","13":"shipping-taxable","14":"product-type-simple"},"_links":{"self":[{"href":"https:\/\/deccore.com.br\/loja\/wp-json\/wp\/v2\/product\/16077","targetHints":{"allow":["GET"]}}],"collection":[{"href":"https:\/\/deccore.com.br\/loja\/wp-json\/wp\/v2\/product"}],"about":[{"href":"https:\/\/deccore.com.br\/loja\/wp-json\/wp\/v2\/types\/product"}],"version-history":[{"count":1,"href":"https:\/\/deccore.com.br\/loja\/wp-json\/wp\/v2\/product\/16077\/revisions"}],"predecessor-version":[{"id":16081,"href":"https:\/\/deccore.com.br\/loja\/wp-json\/wp\/v2\/product\/16077\/revisions\/16081"}],"wp:featuredmedia":[{"embeddable":true,"href":"https:\/\/deccore.com.br\/loja\/wp-json\/wp\/v2\/media\/16078"}],"wp:attachment":[{"href":"https:\/\/deccore.com.br\/loja\/wp-json\/wp\/v2\/media?parent=16077"}],"wp:term":[{"taxonomy":"product_brand","embeddable":true,"href":"https:\/\/deccore.com.br\/loja\/wp-json\/wp\/v2\/product_brand?post=16077"},{"taxonomy":"product_cat","embeddable":true,"href":"https:\/\/deccore.com.br\/loja\/wp-json\/wp\/v2\/product_cat?post=16077"},{"taxonomy":"product_tag","embeddable":true,"href":"https:\/\/deccore.com.br\/loja\/wp-json\/wp\/v2\/product_tag?post=16077"}],"curies":[{"name":"wp","href":"https:\/\/api.w.org\/{rel}","templated":true}]}}