{"id":16082,"date":"2025-12-01T20:01:29","date_gmt":"2025-12-01T20:01:29","guid":{"rendered":"https:\/\/deccore.com.br\/loja\/?post_type=product&#038;p=16082"},"modified":"2025-12-01T20:05:26","modified_gmt":"2025-12-01T20:05:26","slug":"mesa-lateral-folha-ye-design-pronta-entrega","status":"publish","type":"product","link":"https:\/\/deccore.com.br\/loja\/product\/mesa-lateral-folha-ye-design-pronta-entrega\/","title":{"rendered":"MESA LATERAL FOLHA &#8211; YE DESIGN- ANZ-PRONTA ENTREGA"},"content":{"rendered":"<div class=\"row mt-3\">\n<p>&nbsp;<\/p>\n<\/div>\n","protected":false},"excerpt":{"rendered":"<h5>Informa\u00e7\u00f5es T\u00e9cnicas:<\/h5>\n<ul>\n<li>Dimens\u00f5es:L- 280 X A-670 P-390<\/li>\n<li>Downloads:<a href=\"https:\/\/ancezki.com.br\/wp-content\/uploads\/2025\/03\/Mesa-Folha.skp\" target=\"_blank\" rel=\"noopener\">\u00a0Baixar Modelo 3D<\/a><\/li>\n<\/ul>\n","protected":false},"featured_media":16084,"template":"","meta":[],"product_brand":[],"product_cat":[15,87,71,95],"product_tag":[],"class_list":{"0":"post-16082","1":"product","2":"type-product","3":"status-publish","4":"has-post-thumbnail","6":"product_cat-uncategorized","7":"product_cat-mesa-auxiliar","8":"product_cat-mesa-de-apoio","9":"product_cat-mesa-lateral","11":"first","12":"onbackorder","13":"shipping-taxable","14":"product-type-simple"},"_links":{"self":[{"href":"https:\/\/deccore.com.br\/loja\/wp-json\/wp\/v2\/product\/16082","targetHints":{"allow":["GET"]}}],"collection":[{"href":"https:\/\/deccore.com.br\/loja\/wp-json\/wp\/v2\/product"}],"about":[{"href":"https:\/\/deccore.com.br\/loja\/wp-json\/wp\/v2\/types\/product"}],"version-history":[{"count":2,"href":"https:\/\/deccore.com.br\/loja\/wp-json\/wp\/v2\/product\/16082\/revisions"}],"predecessor-version":[{"id":16086,"href":"https:\/\/deccore.com.br\/loja\/wp-json\/wp\/v2\/product\/16082\/revisions\/16086"}],"wp:featuredmedia":[{"embeddable":true,"href":"https:\/\/deccore.com.br\/loja\/wp-json\/wp\/v2\/media\/16084"}],"wp:attachment":[{"href":"https:\/\/deccore.com.br\/loja\/wp-json\/wp\/v2\/media?parent=16082"}],"wp:term":[{"taxonomy":"product_brand","embeddable":true,"href":"https:\/\/deccore.com.br\/loja\/wp-json\/wp\/v2\/product_brand?post=16082"},{"taxonomy":"product_cat","embeddable":true,"href":"https:\/\/deccore.com.br\/loja\/wp-json\/wp\/v2\/product_cat?post=16082"},{"taxonomy":"product_tag","embeddable":true,"href":"https:\/\/deccore.com.br\/loja\/wp-json\/wp\/v2\/product_tag?post=16082"}],"curies":[{"name":"wp","href":"https:\/\/api.w.org\/{rel}","templated":true}]}}