{"id":16087,"date":"2025-12-01T20:08:42","date_gmt":"2025-12-01T20:08:42","guid":{"rendered":"https:\/\/deccore.com.br\/loja\/?post_type=product&#038;p=16087"},"modified":"2025-12-01T20:15:16","modified_gmt":"2025-12-01T20:15:16","slug":"mesa-centro-velutti-anz-pronta-entrega","status":"publish","type":"product","link":"https:\/\/deccore.com.br\/loja\/product\/mesa-centro-velutti-anz-pronta-entrega\/","title":{"rendered":"MESA CENTRO VELUTTI- ANZ-PRONTA ENTREGA"},"content":{"rendered":"","protected":false},"excerpt":{"rendered":"<h5>Informa\u00e7\u00f5es T\u00e9cnicas:<\/h5>\n<ul>\n<li>Dimens\u00f5es:L- 1800 X A-310 X P-700<\/li>\n<li>Downloads:<a href=\"https:\/\/ancezki.com.br\/wp-content\/uploads\/2025\/03\/Mesa-de-Centro-Velutti.skp\" target=\"_blank\" rel=\"noopener\">\u00a0Baixar Modelo 3D<\/a><\/li>\n<\/ul>\n","protected":false},"featured_media":16088,"template":"","meta":[],"product_brand":[],"product_cat":[15,76],"product_tag":[],"class_list":{"0":"post-16087","1":"product","2":"type-product","3":"status-publish","4":"has-post-thumbnail","6":"product_cat-uncategorized","7":"product_cat-mesa-centro","9":"first","10":"onbackorder","11":"shipping-taxable","12":"product-type-simple"},"_links":{"self":[{"href":"https:\/\/deccore.com.br\/loja\/wp-json\/wp\/v2\/product\/16087","targetHints":{"allow":["GET"]}}],"collection":[{"href":"https:\/\/deccore.com.br\/loja\/wp-json\/wp\/v2\/product"}],"about":[{"href":"https:\/\/deccore.com.br\/loja\/wp-json\/wp\/v2\/types\/product"}],"version-history":[{"count":2,"href":"https:\/\/deccore.com.br\/loja\/wp-json\/wp\/v2\/product\/16087\/revisions"}],"predecessor-version":[{"id":16090,"href":"https:\/\/deccore.com.br\/loja\/wp-json\/wp\/v2\/product\/16087\/revisions\/16090"}],"wp:featuredmedia":[{"embeddable":true,"href":"https:\/\/deccore.com.br\/loja\/wp-json\/wp\/v2\/media\/16088"}],"wp:attachment":[{"href":"https:\/\/deccore.com.br\/loja\/wp-json\/wp\/v2\/media?parent=16087"}],"wp:term":[{"taxonomy":"product_brand","embeddable":true,"href":"https:\/\/deccore.com.br\/loja\/wp-json\/wp\/v2\/product_brand?post=16087"},{"taxonomy":"product_cat","embeddable":true,"href":"https:\/\/deccore.com.br\/loja\/wp-json\/wp\/v2\/product_cat?post=16087"},{"taxonomy":"product_tag","embeddable":true,"href":"https:\/\/deccore.com.br\/loja\/wp-json\/wp\/v2\/product_tag?post=16087"}],"curies":[{"name":"wp","href":"https:\/\/api.w.org\/{rel}","templated":true}]}}