{"id":16169,"date":"2025-12-03T14:56:44","date_gmt":"2025-12-03T14:56:44","guid":{"rendered":"https:\/\/deccore.com.br\/loja\/?post_type=product&#038;p=16169"},"modified":"2025-12-03T15:09:54","modified_gmt":"2025-12-03T15:09:54","slug":"mesa-jantar-aurora-encomenda-ezz","status":"publish","type":"product","link":"https:\/\/deccore.com.br\/loja\/product\/mesa-jantar-aurora-encomenda-ezz\/","title":{"rendered":"MESA JANTAR -Aurora -ENCOMENDA -EZZ"},"content":{"rendered":"","protected":false},"excerpt":{"rendered":"<div class=\"col-lg-2 col-md-4 mb-md-3\">\n<div class=\"p-detail-info\">\n<p>Paulo Sartori<\/p>\n<\/div>\n<\/div>\n<div class=\"col-lg-7 col-md-5 mb-md-3\">\n<div class=\"p-detail-info\">\n<h6>medidas\u00a0downloads<\/h6>\n<p>2000 x 1000 x 760\u00a0::\u00a0<a class=\"dow\" href=\"https:\/\/www.essenzamoveis.com.br\/pt\/detalhe\/mesas-de-jantar\/aurora#\" data-toggle=\"modal\" data-target=\"#ModalDownloadSKP\">SKP<\/a><\/p>\n<p>2200 x 1100 x 760\u00a0::<\/p>\n<p>2400 x 1200 x 760\u00a0::<\/p>\n<p>2700 x 1200 x 760\u00a0::<\/p>\n<p>2980 x 1200 x 760 ::<\/p>\n<p>Uma pe\u00e7a da Cole\u00e7\u00e3o Ra\u00edzes, uma manifesta\u00e7\u00e3o da natureza.<\/p>\n<p>A mesa foi concebida, por Paulo Sartori, com inspira\u00e7\u00e3o na deslumbrante beleza da Aurora Boreal. Sua base apresenta ondula\u00e7\u00f5es que ecoam os movimentos delicados e fluidos das luzes dan\u00e7antes no c\u00e9u \u00e1rtico. Cada curva na base conta uma hist\u00f3ria \u00fanica, refletindo a filosofia da Essenza, de criar pe\u00e7as que transcendem o tempo e contam hist\u00f3rias por si s\u00f3.<\/p>\n<p>A Mesa de Jantar Aurora se torna mais do que um simples m\u00f3vel. Uma express\u00e3o aut\u00eantica da efemeridade e da magia da natureza, trazendo para o ambiente dom\u00e9stico a energia pulsante e o encanto \u00fanico da Aurora Boreal.<\/p>\n<p><strong><a href=\"https:\/\/www.instagram.com\/reel\/C8ZpoUSMVQN\/?utm_source=ig_web_copy_link&amp;igsh=MzRlODBiNWFlZA==\" target=\"_blank\" rel=\"noopener\">V\u00eddeo Mesa de Jantar Aurora &#8211; Essenza M\u00f3veis<\/a><\/strong><\/p>\n<\/div>\n<\/div>\n","protected":false},"featured_media":16170,"template":"","meta":[],"product_brand":[],"product_cat":[15,69],"product_tag":[],"class_list":{"0":"post-16169","1":"product","2":"type-product","3":"status-publish","4":"has-post-thumbnail","6":"product_cat-uncategorized","7":"product_cat-mesa-jantar","9":"first","10":"instock","11":"shipping-taxable","12":"product-type-simple"},"_links":{"self":[{"href":"https:\/\/deccore.com.br\/loja\/wp-json\/wp\/v2\/product\/16169","targetHints":{"allow":["GET"]}}],"collection":[{"href":"https:\/\/deccore.com.br\/loja\/wp-json\/wp\/v2\/product"}],"about":[{"href":"https:\/\/deccore.com.br\/loja\/wp-json\/wp\/v2\/types\/product"}],"version-history":[{"count":2,"href":"https:\/\/deccore.com.br\/loja\/wp-json\/wp\/v2\/product\/16169\/revisions"}],"predecessor-version":[{"id":16177,"href":"https:\/\/deccore.com.br\/loja\/wp-json\/wp\/v2\/product\/16169\/revisions\/16177"}],"wp:featuredmedia":[{"embeddable":true,"href":"https:\/\/deccore.com.br\/loja\/wp-json\/wp\/v2\/media\/16170"}],"wp:attachment":[{"href":"https:\/\/deccore.com.br\/loja\/wp-json\/wp\/v2\/media?parent=16169"}],"wp:term":[{"taxonomy":"product_brand","embeddable":true,"href":"https:\/\/deccore.com.br\/loja\/wp-json\/wp\/v2\/product_brand?post=16169"},{"taxonomy":"product_cat","embeddable":true,"href":"https:\/\/deccore.com.br\/loja\/wp-json\/wp\/v2\/product_cat?post=16169"},{"taxonomy":"product_tag","embeddable":true,"href":"https:\/\/deccore.com.br\/loja\/wp-json\/wp\/v2\/product_tag?post=16169"}],"curies":[{"name":"wp","href":"https:\/\/api.w.org\/{rel}","templated":true}]}}