{"id":16178,"date":"2025-12-03T15:12:30","date_gmt":"2025-12-03T15:12:30","guid":{"rendered":"https:\/\/deccore.com.br\/loja\/?post_type=product&#038;p=16178"},"modified":"2025-12-04T18:31:09","modified_gmt":"2025-12-04T18:31:09","slug":"mesa-jantar-bell-encomenda-ezz","status":"publish","type":"product","link":"https:\/\/deccore.com.br\/loja\/product\/mesa-jantar-bell-encomenda-ezz\/","title":{"rendered":"MESA JANTAR -BELL-ENCOMENDA -EZZ"},"content":{"rendered":"","protected":false},"excerpt":{"rendered":"<div class=\"col-lg-2 col-md-4 mb-md-3\">\n<div class=\"p-detail-info\">\n<p>Paulo Sartori<\/p>\n<\/div>\n<\/div>\n<div class=\"col-lg-7 col-md-5 mb-md-3\">\n<div class=\"p-detail-info\">\n<h6>medidas\u00a0downloads<\/h6>\n<p>\u00f8 1500 x 770\u00a0::\u00a0<a class=\"dow\" href=\"https:\/\/www.essenzamoveis.com.br\/pt\/detalhe\/mesas-de-jantar\/bell#\" data-toggle=\"modal\" data-target=\"#ModalDownloadSKP\">SKP<\/a><\/p>\n<p>2000 x 1000 x 760\u00a0::<\/p>\n<p>2200 x 1100 x 760\u00a0::<\/p>\n<p>2400 x 1200 x 760\u00a0::<\/p>\n<p>2700 x 1200 x 760\u00a0::<\/p>\n<p>2980 x 1200 x 760\u00a0::<\/p>\n<\/div>\n<\/div>\n<p>A Mesa de Jantar Bell, do designer Paulo Sartori carrega o nome &#8220;Bell&#8221; , que evoca a forma de um sino, sugerindo uma sinfonia de linhas suaves que ressoam com a simplicidade da natureza. Sartori desenhou a mesa fazendo que com medida que voc\u00ea circula ao redor da mesa, a percep\u00e7\u00e3o do seu desenho muda, revelando uma nova perspectiva a cada \u00e2ngulo. Essa caracter\u00edstica transforma a mesa em um objeto de contempla\u00e7\u00e3o, desafiando e encantando aqueles que a apreciam.<\/p>\n<p>A Mesa de Jantar Bell convida os usu\u00e1rios a explorar a beleza do design sob diferentes perspectivas, refletindo a complexidade e a harmonia que a natureza nos oferece. \u00c9 uma celebra\u00e7\u00e3o da intera\u00e7\u00e3o entre forma e espa\u00e7o, um testemunho de que a eleg\u00e2ncia e a inova\u00e7\u00e3o podem coexistir perfeitamente.<\/p>\n<p>&nbsp;<\/p>\n","protected":false},"featured_media":16179,"template":"","meta":[],"product_brand":[],"product_cat":[15,69],"product_tag":[],"class_list":{"0":"post-16178","1":"product","2":"type-product","3":"status-publish","4":"has-post-thumbnail","6":"product_cat-uncategorized","7":"product_cat-mesa-jantar","9":"first","10":"instock","11":"shipping-taxable","12":"product-type-simple"},"_links":{"self":[{"href":"https:\/\/deccore.com.br\/loja\/wp-json\/wp\/v2\/product\/16178","targetHints":{"allow":["GET"]}}],"collection":[{"href":"https:\/\/deccore.com.br\/loja\/wp-json\/wp\/v2\/product"}],"about":[{"href":"https:\/\/deccore.com.br\/loja\/wp-json\/wp\/v2\/types\/product"}],"version-history":[{"count":1,"href":"https:\/\/deccore.com.br\/loja\/wp-json\/wp\/v2\/product\/16178\/revisions"}],"predecessor-version":[{"id":16180,"href":"https:\/\/deccore.com.br\/loja\/wp-json\/wp\/v2\/product\/16178\/revisions\/16180"}],"wp:featuredmedia":[{"embeddable":true,"href":"https:\/\/deccore.com.br\/loja\/wp-json\/wp\/v2\/media\/16179"}],"wp:attachment":[{"href":"https:\/\/deccore.com.br\/loja\/wp-json\/wp\/v2\/media?parent=16178"}],"wp:term":[{"taxonomy":"product_brand","embeddable":true,"href":"https:\/\/deccore.com.br\/loja\/wp-json\/wp\/v2\/product_brand?post=16178"},{"taxonomy":"product_cat","embeddable":true,"href":"https:\/\/deccore.com.br\/loja\/wp-json\/wp\/v2\/product_cat?post=16178"},{"taxonomy":"product_tag","embeddable":true,"href":"https:\/\/deccore.com.br\/loja\/wp-json\/wp\/v2\/product_tag?post=16178"}],"curies":[{"name":"wp","href":"https:\/\/api.w.org\/{rel}","templated":true}]}}