{"id":16443,"date":"2026-03-24T15:11:49","date_gmt":"2026-03-24T15:11:49","guid":{"rendered":"https:\/\/deccore.com.br\/loja\/?post_type=product&#038;p=16443"},"modified":"2026-03-24T15:24:36","modified_gmt":"2026-03-24T15:24:36","slug":"poltrona-amon-duo-encomenda-gtt","status":"publish","type":"product","link":"https:\/\/deccore.com.br\/loja\/product\/poltrona-amon-duo-encomenda-gtt\/","title":{"rendered":"Poltrona Amon Duo- ENCOMENDA -Gtt"},"content":{"rendered":"","protected":false},"excerpt":{"rendered":"<p>A Poltrona Amon Duo se caracteriza por uma est\u00e9tica muito simplificada, foi concebida com inspira\u00e7\u00e3o em tronos da antiguidade, mas amparada nos dias atuais por grande tecnologia em sua produ\u00e7\u00e3o para torn\u00e1-la confort\u00e1vel e resistente em sua beleza. Essa \u00e9 uma pe\u00e7a da Linha assinada por Fernando Motta.\u00a0 \u00a0 \u00a0 \u00a0 \u00a0 \u00a0 \u00a0 \u00a0 \u00a0 \u00a0 \u00a0 \u00a0 \u00a0 \u00a0 \u00a0 \u00a0 \u00a0 \u00a0 \u00a0 \u00a0 \u00a0 \u00a0 \u00a0 \u00a0 \u00a0 \u00a0 \u00a0 \u00a0 \u00a0 \u00a0 \u00a0 \u00a0 \u00a0 \u00a0 \u00a0 \u00a0 \u00a0 \u00a0 \u00a0 \u00a0 \u00a0 \u00a0 \u00a0 \u00a0 \u00a0 \u00a0 \u00a0 \u00a0 \u00a0 \u00a0 \u00a0 \u00a0 \u00a0 \u00a0 \u00a0 \u00a0 \u00a0 \u00a0 \u00a0 \u00a0 \u00a0TAMANHOS DISPON\u00cdVEIS<\/p>\n<p>(L x P x A) 75 x 67 x 71<\/p>\n<p>OP\u00c7\u00d5ES DE REVESTIMENTOS.<\/p>\n<p>OP\u00c7OES DE ACABAMENTOS<\/p>\n<p><a class=\"botao-download-3d\" href=\"https:\/\/www.moveisgottems.com.br\/wp-content\/uploads\/2025\/01\/Poltrona-Amon-Gottems.skp\" target=\"_blank\" rel=\"noopener\" download=\"\"><img decoding=\"async\" class=\"imagem-download-3d\" src=\"https:\/\/www.moveisgottems.com.br\/wp-content\/uploads\/2024\/12\/Icone-SKP-Novo.png\" alt=\"Baixar Arquivo 3D 1\" width=\"35\" height=\"35\" \/>DOWNLOAD SKP<\/a><a class=\"botao-download-3d\" href=\"https:\/\/www.moveisgottems.com.br\/wp-content\/uploads\/2025\/02\/Poltrona-Amon.gsm\" target=\"_blank\" rel=\"noopener\" download=\"\"><img decoding=\"async\" class=\"imagem-download-3d\" src=\"https:\/\/www.moveisgottems.com.br\/wp-content\/uploads\/2024\/12\/Icone-Bim-Novo.png\" alt=\"Baixar Arquivo 3D 2\" width=\"35\" height=\"35\" \/>DOWNLOAD BIM<\/a><\/p>\n<p>OP\u00c7\u00d5ES DE PALHAS.<\/p>\n","protected":false},"featured_media":16454,"template":"","meta":[],"product_brand":[],"product_cat":[15,101,62,64],"product_tag":[],"class_list":{"0":"post-16443","1":"product","2":"type-product","3":"status-publish","4":"has-post-thumbnail","6":"product_cat-uncategorized","7":"product_cat-cadeira","8":"product_cat-cadeiras","9":"product_cat-poltronas","11":"first","12":"onbackorder","13":"shipping-taxable","14":"product-type-simple"},"_links":{"self":[{"href":"https:\/\/deccore.com.br\/loja\/wp-json\/wp\/v2\/product\/16443","targetHints":{"allow":["GET"]}}],"collection":[{"href":"https:\/\/deccore.com.br\/loja\/wp-json\/wp\/v2\/product"}],"about":[{"href":"https:\/\/deccore.com.br\/loja\/wp-json\/wp\/v2\/types\/product"}],"version-history":[{"count":4,"href":"https:\/\/deccore.com.br\/loja\/wp-json\/wp\/v2\/product\/16443\/revisions"}],"predecessor-version":[{"id":16455,"href":"https:\/\/deccore.com.br\/loja\/wp-json\/wp\/v2\/product\/16443\/revisions\/16455"}],"wp:featuredmedia":[{"embeddable":true,"href":"https:\/\/deccore.com.br\/loja\/wp-json\/wp\/v2\/media\/16454"}],"wp:attachment":[{"href":"https:\/\/deccore.com.br\/loja\/wp-json\/wp\/v2\/media?parent=16443"}],"wp:term":[{"taxonomy":"product_brand","embeddable":true,"href":"https:\/\/deccore.com.br\/loja\/wp-json\/wp\/v2\/product_brand?post=16443"},{"taxonomy":"product_cat","embeddable":true,"href":"https:\/\/deccore.com.br\/loja\/wp-json\/wp\/v2\/product_cat?post=16443"},{"taxonomy":"product_tag","embeddable":true,"href":"https:\/\/deccore.com.br\/loja\/wp-json\/wp\/v2\/product_tag?post=16443"}],"curies":[{"name":"wp","href":"https:\/\/api.w.org\/{rel}","templated":true}]}}