{"id":4889,"date":"2020-04-02T18:41:21","date_gmt":"2020-04-02T18:41:21","guid":{"rendered":"https:\/\/deccore.com.br\/loja\/?post_type=product&#038;p=4889"},"modified":"2024-10-22T18:55:32","modified_gmt":"2024-10-22T18:55:32","slug":"poltrona-cordoba","status":"publish","type":"product","link":"https:\/\/deccore.com.br\/loja\/product\/poltrona-cordoba\/","title":{"rendered":"POLTRONA C\u00d3RDOBA &#8211; ENCOMENDA."},"content":{"rendered":"<p><img decoding=\"async\" src=\"https:\/\/tempusdecor.com.br\/wp-content\/uploads\/2005\/12\/cordoba-sevilha-cor-44.gif\" \/><\/p>\n<p><strong>Condi\u00e7\u00f5es:<\/strong><\/p>\n<p><strong>A op\u00e7\u00e3o de pagamento em 10x sem juros \u00e9 sujeita \u00e0 aprova\u00e7\u00e3o de cr\u00e9dito.<\/strong><\/p>\n<p><strong>\u00a0enquanto durarem os estoques.<\/strong><\/p>\n","protected":false},"excerpt":{"rendered":"<div class=\"elementor-element elementor-element-102937cb elementor-widget elementor-widget-jet-listing-dynamic-field\" data-id=\"102937cb\" data-element_type=\"widget\" data-widget_type=\"jet-listing-dynamic-field.default\">\n<div class=\"elementor-widget-container\">\n<div class=\"jet-listing jet-listing-dynamic-field display-inline\">\n<div class=\"jet-listing-dynamic-field__inline-wrap\">\n<div class=\"jet-listing-dynamic-field__content\">C\u00f3rdoba sevilha<\/div>\n<\/div>\n<\/div>\n<\/div>\n<\/div>\n<div class=\"elementor-element elementor-element-24ca2cb elementor-widget elementor-widget-jet-listing-dynamic-field\" data-id=\"24ca2cb\" data-element_type=\"widget\" data-widget_type=\"jet-listing-dynamic-field.default\">\n<div class=\"elementor-widget-container\">\n<div class=\"jet-listing jet-listing-dynamic-field display-multiline\">\n<div class=\"jet-listing-dynamic-field__content\">\n<p>Poltrona reclin\u00e1vel, girat\u00f3ria, acompanha banqueta, base em madeira na cor castanho.<\/p>\n<p>Revestimento em tecido<\/p>\n<p>Peso : suporta at\u00e9 120KG<\/p>\n<p>Medida: 79x56x107 totalmente reclinada 1.18<br \/>\nMedida do ch\u00e3o at\u00e9 assento 46 Medida do ch\u00e3o at\u00e9 o bra\u00e7o 58<\/p>\n<p>cor: Sevilha cor 44<\/p>\n<\/div>\n<\/div>\n<\/div>\n<\/div>\n","protected":false},"featured_media":4953,"template":"","meta":[],"product_brand":[],"product_cat":[15,116],"product_tag":[],"class_list":{"0":"post-4889","1":"product","2":"type-product","3":"status-publish","4":"has-post-thumbnail","6":"product_cat-uncategorized","7":"product_cat-poltronas-automatizadas-e-manuais","9":"first","10":"onbackorder","11":"shipping-taxable","12":"product-type-simple"},"_links":{"self":[{"href":"https:\/\/deccore.com.br\/loja\/wp-json\/wp\/v2\/product\/4889","targetHints":{"allow":["GET"]}}],"collection":[{"href":"https:\/\/deccore.com.br\/loja\/wp-json\/wp\/v2\/product"}],"about":[{"href":"https:\/\/deccore.com.br\/loja\/wp-json\/wp\/v2\/types\/product"}],"version-history":[{"count":9,"href":"https:\/\/deccore.com.br\/loja\/wp-json\/wp\/v2\/product\/4889\/revisions"}],"predecessor-version":[{"id":10547,"href":"https:\/\/deccore.com.br\/loja\/wp-json\/wp\/v2\/product\/4889\/revisions\/10547"}],"wp:featuredmedia":[{"embeddable":true,"href":"https:\/\/deccore.com.br\/loja\/wp-json\/wp\/v2\/media\/4953"}],"wp:attachment":[{"href":"https:\/\/deccore.com.br\/loja\/wp-json\/wp\/v2\/media?parent=4889"}],"wp:term":[{"taxonomy":"product_brand","embeddable":true,"href":"https:\/\/deccore.com.br\/loja\/wp-json\/wp\/v2\/product_brand?post=4889"},{"taxonomy":"product_cat","embeddable":true,"href":"https:\/\/deccore.com.br\/loja\/wp-json\/wp\/v2\/product_cat?post=4889"},{"taxonomy":"product_tag","embeddable":true,"href":"https:\/\/deccore.com.br\/loja\/wp-json\/wp\/v2\/product_tag?post=4889"}],"curies":[{"name":"wp","href":"https:\/\/api.w.org\/{rel}","templated":true}]}}