{"id":4973,"date":"2020-04-06T22:07:11","date_gmt":"2020-04-06T22:07:11","guid":{"rendered":"https:\/\/deccore.com.br\/loja\/?post_type=product&#038;p=4973"},"modified":"2024-09-17T16:53:29","modified_gmt":"2024-09-17T16:53:29","slug":"puff-spin-grande-opcoes-de-cores","status":"publish","type":"product","link":"https:\/\/deccore.com.br\/loja\/product\/puff-spin-grande-opcoes-de-cores\/","title":{"rendered":"PUFF SPIN GRANDE &#8211; OP\u00c7\u00d5ES DE CORES"},"content":{"rendered":"","protected":false},"excerpt":{"rendered":"<div class=\"woocommerce-product-details__short-description\">\n<p><strong>A op\u00e7\u00e3o de pagamento em 10x sem juros \u00e9 sujeita \u00e0 aprova\u00e7\u00e3o de cr\u00e9dito.<\/strong><\/p>\n<p>&nbsp;<\/p>\n<\/div>\n","protected":false},"featured_media":4959,"template":"","meta":[],"product_brand":[],"product_cat":[109],"product_tag":[],"class_list":{"0":"post-4973","1":"product","2":"type-product","3":"status-publish","4":"has-post-thumbnail","6":"product_cat-puff","8":"first","9":"instock","10":"shipping-taxable","11":"product-type-simple"},"_links":{"self":[{"href":"https:\/\/deccore.com.br\/loja\/wp-json\/wp\/v2\/product\/4973","targetHints":{"allow":["GET"]}}],"collection":[{"href":"https:\/\/deccore.com.br\/loja\/wp-json\/wp\/v2\/product"}],"about":[{"href":"https:\/\/deccore.com.br\/loja\/wp-json\/wp\/v2\/types\/product"}],"version-history":[{"count":7,"href":"https:\/\/deccore.com.br\/loja\/wp-json\/wp\/v2\/product\/4973\/revisions"}],"predecessor-version":[{"id":15479,"href":"https:\/\/deccore.com.br\/loja\/wp-json\/wp\/v2\/product\/4973\/revisions\/15479"}],"wp:featuredmedia":[{"embeddable":true,"href":"https:\/\/deccore.com.br\/loja\/wp-json\/wp\/v2\/media\/4959"}],"wp:attachment":[{"href":"https:\/\/deccore.com.br\/loja\/wp-json\/wp\/v2\/media?parent=4973"}],"wp:term":[{"taxonomy":"product_brand","embeddable":true,"href":"https:\/\/deccore.com.br\/loja\/wp-json\/wp\/v2\/product_brand?post=4973"},{"taxonomy":"product_cat","embeddable":true,"href":"https:\/\/deccore.com.br\/loja\/wp-json\/wp\/v2\/product_cat?post=4973"},{"taxonomy":"product_tag","embeddable":true,"href":"https:\/\/deccore.com.br\/loja\/wp-json\/wp\/v2\/product_tag?post=4973"}],"curies":[{"name":"wp","href":"https:\/\/api.w.org\/{rel}","templated":true}]}}