{"id":5307,"date":"2020-10-20T17:34:41","date_gmt":"2020-10-20T17:34:41","guid":{"rendered":"https:\/\/deccore.com.br\/loja\/?post_type=product&#038;p=5307"},"modified":"2024-03-08T19:15:59","modified_gmt":"2024-03-08T19:15:59","slug":"luminaria-lume","status":"publish","type":"product","link":"https:\/\/deccore.com.br\/loja\/product\/luminaria-lume\/","title":{"rendered":"LUMIN\u00c1RIA LUME &#8211; DESIGNER: BRUNO FAUCZ"},"content":{"rendered":"","protected":false},"excerpt":{"rendered":"<p><span class=\"dsg-name\">DESIGNER: BRUNO FAUCZ<\/span><\/p>\n<p class=\"text-home\">Bruno Faucz \u00e9 catarinense, nascido em 1986, cresceu com um papel e um l\u00e1pis sempre a m\u00e3o, sempre fascinado pelo mundo criativo.<\/p>\n","protected":false},"featured_media":5308,"template":"","meta":[],"product_brand":[],"product_cat":[15,77],"product_tag":[],"class_list":{"0":"post-5307","1":"product","2":"type-product","3":"status-publish","4":"has-post-thumbnail","6":"product_cat-uncategorized","7":"product_cat-luminaria","9":"first","10":"instock","11":"shipping-taxable","12":"product-type-simple"},"_links":{"self":[{"href":"https:\/\/deccore.com.br\/loja\/wp-json\/wp\/v2\/product\/5307","targetHints":{"allow":["GET"]}}],"collection":[{"href":"https:\/\/deccore.com.br\/loja\/wp-json\/wp\/v2\/product"}],"about":[{"href":"https:\/\/deccore.com.br\/loja\/wp-json\/wp\/v2\/types\/product"}],"version-history":[{"count":4,"href":"https:\/\/deccore.com.br\/loja\/wp-json\/wp\/v2\/product\/5307\/revisions"}],"predecessor-version":[{"id":14163,"href":"https:\/\/deccore.com.br\/loja\/wp-json\/wp\/v2\/product\/5307\/revisions\/14163"}],"wp:featuredmedia":[{"embeddable":true,"href":"https:\/\/deccore.com.br\/loja\/wp-json\/wp\/v2\/media\/5308"}],"wp:attachment":[{"href":"https:\/\/deccore.com.br\/loja\/wp-json\/wp\/v2\/media?parent=5307"}],"wp:term":[{"taxonomy":"product_brand","embeddable":true,"href":"https:\/\/deccore.com.br\/loja\/wp-json\/wp\/v2\/product_brand?post=5307"},{"taxonomy":"product_cat","embeddable":true,"href":"https:\/\/deccore.com.br\/loja\/wp-json\/wp\/v2\/product_cat?post=5307"},{"taxonomy":"product_tag","embeddable":true,"href":"https:\/\/deccore.com.br\/loja\/wp-json\/wp\/v2\/product_tag?post=5307"}],"curies":[{"name":"wp","href":"https:\/\/api.w.org\/{rel}","templated":true}]}}