{"id":5426,"date":"2020-10-27T14:00:13","date_gmt":"2020-10-27T14:00:13","guid":{"rendered":"https:\/\/deccore.com.br\/loja\/?post_type=product&#038;p=5426"},"modified":"2020-11-25T16:18:00","modified_gmt":"2020-11-25T16:18:00","slug":"art-i","status":"publish","type":"product","link":"https:\/\/deccore.com.br\/loja\/product\/art-i\/","title":{"rendered":"ART I"},"content":{"rendered":"","protected":false},"excerpt":{"rendered":"<p>Da cole\u00e7\u00e3o Headphone, a foto Blue Beats desperta sensa\u00e7\u00f5es e sentimentos. De autoria de Nicole Wells, a fot\u00f3grafa australiana varreu uma prata e tr\u00eas bronzes na edi\u00e7\u00e3o de 2013 do International Loupe Awards e fez o terceiro lugar no Show de Pascoa Real de 2014. Wells tamb\u00e9m foi premiada em diversas exibi\u00e7\u00f5es como no Australian Head on Photography Festival, na Galeria Red em Sydney. Nicole tamb\u00e9m foi a vencedora na categoria de m\u00eddia digital do Gosford Art Prize em 2014.<\/p>\n","protected":false},"featured_media":5427,"template":"","meta":[],"product_brand":[],"product_cat":[63,82],"product_tag":[],"class_list":{"0":"post-5426","1":"product","2":"type-product","3":"status-publish","4":"has-post-thumbnail","6":"product_cat-decoracoes","7":"product_cat-quadros","9":"first","10":"instock","11":"shipping-taxable","12":"product-type-simple"},"_links":{"self":[{"href":"https:\/\/deccore.com.br\/loja\/wp-json\/wp\/v2\/product\/5426","targetHints":{"allow":["GET"]}}],"collection":[{"href":"https:\/\/deccore.com.br\/loja\/wp-json\/wp\/v2\/product"}],"about":[{"href":"https:\/\/deccore.com.br\/loja\/wp-json\/wp\/v2\/types\/product"}],"version-history":[{"count":2,"href":"https:\/\/deccore.com.br\/loja\/wp-json\/wp\/v2\/product\/5426\/revisions"}],"predecessor-version":[{"id":5429,"href":"https:\/\/deccore.com.br\/loja\/wp-json\/wp\/v2\/product\/5426\/revisions\/5429"}],"wp:featuredmedia":[{"embeddable":true,"href":"https:\/\/deccore.com.br\/loja\/wp-json\/wp\/v2\/media\/5427"}],"wp:attachment":[{"href":"https:\/\/deccore.com.br\/loja\/wp-json\/wp\/v2\/media?parent=5426"}],"wp:term":[{"taxonomy":"product_brand","embeddable":true,"href":"https:\/\/deccore.com.br\/loja\/wp-json\/wp\/v2\/product_brand?post=5426"},{"taxonomy":"product_cat","embeddable":true,"href":"https:\/\/deccore.com.br\/loja\/wp-json\/wp\/v2\/product_cat?post=5426"},{"taxonomy":"product_tag","embeddable":true,"href":"https:\/\/deccore.com.br\/loja\/wp-json\/wp\/v2\/product_tag?post=5426"}],"curies":[{"name":"wp","href":"https:\/\/api.w.org\/{rel}","templated":true}]}}