{"id":5588,"date":"2020-11-17T18:58:11","date_gmt":"2020-11-17T18:58:11","guid":{"rendered":"https:\/\/deccore.com.br\/loja\/?post_type=product&#038;p=5588"},"modified":"2022-06-10T14:00:36","modified_gmt":"2022-06-10T14:00:36","slug":"banco-belmonte-baixo","status":"publish","type":"product","link":"https:\/\/deccore.com.br\/loja\/product\/banco-belmonte-baixo\/","title":{"rendered":"BANCO BELMONTE BAIXO &#8211; ENCOMENDA &#8211; TSS"},"content":{"rendered":"","protected":false},"excerpt":{"rendered":"<p style=\"font-weight: 300;\">Para voc\u00ea, os banco nos ambientes s\u00e3o apenas simples pe\u00e7as de decora\u00e7\u00e3o? Saiba que elas s\u00e3o bem mais que isso. Com os bancos, voc\u00ea pode acomodar os convidados, tornar seu espa\u00e7o um ambiente mais decorativo, enfim, s\u00e3o algumas das vantagens de t\u00ea-los em sua casa.<\/p>\n<p style=\"font-weight: 300;\">O\u00a0<strong style=\"font-weight: 900;\">Banco Belo Monte<\/strong> se adapta facilmente a diferentes ambientes vers\u00e1teis e multifuncionais. \u00c9 perfeito para delimitar o espa\u00e7o de ambientes conjugados, estilo e personalidade pr\u00f3pria, design moderno e conta com a qualidade que voc\u00ea procura.<\/p>\n<p><span class=\"dsg-name\">DESIGNER: PEDRO MENDES<\/span><\/p>\n<p class=\"text-home\">Nascido em S\u00e3o Jos\u00e9 do Rio Preto, interior paulista, Pedro Mendes viveu muito pr\u00f3ximo ao polo moveleiro de Mirassol, cidade vizinha \u00e0 sua, onde desde cedo teve o privil\u00e9gio de conhecer de perto os processos de produ\u00e7\u00e3o e execu\u00e7\u00e3o da ind\u00fastria de m\u00f3veis.<\/p>\n","protected":false},"featured_media":5590,"template":"","meta":[],"product_brand":[],"product_cat":[15,74,100,78],"product_tag":[],"class_list":{"0":"post-5588","1":"product","2":"type-product","3":"status-publish","4":"has-post-thumbnail","6":"product_cat-uncategorized","7":"product_cat-banco","8":"product_cat-banqueta","9":"product_cat-banquetas","11":"first","12":"instock","13":"shipping-taxable","14":"product-type-simple"},"_links":{"self":[{"href":"https:\/\/deccore.com.br\/loja\/wp-json\/wp\/v2\/product\/5588","targetHints":{"allow":["GET"]}}],"collection":[{"href":"https:\/\/deccore.com.br\/loja\/wp-json\/wp\/v2\/product"}],"about":[{"href":"https:\/\/deccore.com.br\/loja\/wp-json\/wp\/v2\/types\/product"}],"version-history":[{"count":4,"href":"https:\/\/deccore.com.br\/loja\/wp-json\/wp\/v2\/product\/5588\/revisions"}],"predecessor-version":[{"id":9331,"href":"https:\/\/deccore.com.br\/loja\/wp-json\/wp\/v2\/product\/5588\/revisions\/9331"}],"wp:featuredmedia":[{"embeddable":true,"href":"https:\/\/deccore.com.br\/loja\/wp-json\/wp\/v2\/media\/5590"}],"wp:attachment":[{"href":"https:\/\/deccore.com.br\/loja\/wp-json\/wp\/v2\/media?parent=5588"}],"wp:term":[{"taxonomy":"product_brand","embeddable":true,"href":"https:\/\/deccore.com.br\/loja\/wp-json\/wp\/v2\/product_brand?post=5588"},{"taxonomy":"product_cat","embeddable":true,"href":"https:\/\/deccore.com.br\/loja\/wp-json\/wp\/v2\/product_cat?post=5588"},{"taxonomy":"product_tag","embeddable":true,"href":"https:\/\/deccore.com.br\/loja\/wp-json\/wp\/v2\/product_tag?post=5588"}],"curies":[{"name":"wp","href":"https:\/\/api.w.org\/{rel}","templated":true}]}}