{"id":5630,"date":"2020-11-24T17:14:17","date_gmt":"2020-11-24T17:14:17","guid":{"rendered":"https:\/\/deccore.com.br\/loja\/?post_type=product&#038;p=5630"},"modified":"2023-11-29T13:05:37","modified_gmt":"2023-11-29T13:05:37","slug":"banco-spine","status":"publish","type":"product","link":"https:\/\/deccore.com.br\/loja\/product\/banco-spine\/","title":{"rendered":"BANCO SPINE &#8211; ENCOMENDA. BT\u00ca"},"content":{"rendered":"<p>Estrutura de madeira maci\u00e7a de Jequitib\u00e1.<br \/>\nCores dispon\u00edveis: Mel, Castanho ou Natural.<br \/>\nMadeira n\u00e3o tratada para ambientes externos.<\/p>\n","protected":false},"excerpt":{"rendered":"<p>OP\u00c7\u00d5ES DE ACABAMENTO.<\/p>\n<p>OP\u00c7\u00d5ES DE COMPRIMENTO 1.23 OU 0.53.<\/p>\n<p>ALTURA 0.43<\/p>\n","protected":false},"featured_media":5633,"template":"","meta":[],"product_brand":[],"product_cat":[74],"product_tag":[],"class_list":{"0":"post-5630","1":"product","2":"type-product","3":"status-publish","4":"has-post-thumbnail","6":"product_cat-banco","8":"first","9":"instock","10":"shipping-taxable","11":"product-type-simple"},"_links":{"self":[{"href":"https:\/\/deccore.com.br\/loja\/wp-json\/wp\/v2\/product\/5630","targetHints":{"allow":["GET"]}}],"collection":[{"href":"https:\/\/deccore.com.br\/loja\/wp-json\/wp\/v2\/product"}],"about":[{"href":"https:\/\/deccore.com.br\/loja\/wp-json\/wp\/v2\/types\/product"}],"version-history":[{"count":4,"href":"https:\/\/deccore.com.br\/loja\/wp-json\/wp\/v2\/product\/5630\/revisions"}],"predecessor-version":[{"id":13283,"href":"https:\/\/deccore.com.br\/loja\/wp-json\/wp\/v2\/product\/5630\/revisions\/13283"}],"wp:featuredmedia":[{"embeddable":true,"href":"https:\/\/deccore.com.br\/loja\/wp-json\/wp\/v2\/media\/5633"}],"wp:attachment":[{"href":"https:\/\/deccore.com.br\/loja\/wp-json\/wp\/v2\/media?parent=5630"}],"wp:term":[{"taxonomy":"product_brand","embeddable":true,"href":"https:\/\/deccore.com.br\/loja\/wp-json\/wp\/v2\/product_brand?post=5630"},{"taxonomy":"product_cat","embeddable":true,"href":"https:\/\/deccore.com.br\/loja\/wp-json\/wp\/v2\/product_cat?post=5630"},{"taxonomy":"product_tag","embeddable":true,"href":"https:\/\/deccore.com.br\/loja\/wp-json\/wp\/v2\/product_tag?post=5630"}],"curies":[{"name":"wp","href":"https:\/\/api.w.org\/{rel}","templated":true}]}}