{"id":5638,"date":"2020-11-24T18:13:13","date_gmt":"2020-11-24T18:13:13","guid":{"rendered":"https:\/\/deccore.com.br\/loja\/?post_type=product&#038;p=5638"},"modified":"2024-01-30T13:16:57","modified_gmt":"2024-01-30T13:16:57","slug":"mesa-jantar-caleidos","status":"publish","type":"product","link":"https:\/\/deccore.com.br\/loja\/product\/mesa-jantar-caleidos\/","title":{"rendered":"MESA JANTAR CALEIDOS"},"content":{"rendered":"","protected":false},"excerpt":{"rendered":"<p>Design: Ampezzan Maciel Arquitetos<\/p>\n<p>OP\u00c7\u00d5ES DE ACABAMENTO.<\/p>\n<p>OP\u00c7\u00d5ES DE MEDIDAS 1.50 &#8211; 1.40 OU 1.18 DE DI\u00c2METRO.<\/p>\n","protected":false},"featured_media":5639,"template":"","meta":[],"product_brand":[],"product_cat":[69],"product_tag":[],"class_list":{"0":"post-5638","1":"product","2":"type-product","3":"status-publish","4":"has-post-thumbnail","6":"product_cat-mesa-jantar","8":"first","9":"instock","10":"shipping-taxable","11":"product-type-simple"},"_links":{"self":[{"href":"https:\/\/deccore.com.br\/loja\/wp-json\/wp\/v2\/product\/5638","targetHints":{"allow":["GET"]}}],"collection":[{"href":"https:\/\/deccore.com.br\/loja\/wp-json\/wp\/v2\/product"}],"about":[{"href":"https:\/\/deccore.com.br\/loja\/wp-json\/wp\/v2\/types\/product"}],"version-history":[{"count":5,"href":"https:\/\/deccore.com.br\/loja\/wp-json\/wp\/v2\/product\/5638\/revisions"}],"predecessor-version":[{"id":13885,"href":"https:\/\/deccore.com.br\/loja\/wp-json\/wp\/v2\/product\/5638\/revisions\/13885"}],"wp:featuredmedia":[{"embeddable":true,"href":"https:\/\/deccore.com.br\/loja\/wp-json\/wp\/v2\/media\/5639"}],"wp:attachment":[{"href":"https:\/\/deccore.com.br\/loja\/wp-json\/wp\/v2\/media?parent=5638"}],"wp:term":[{"taxonomy":"product_brand","embeddable":true,"href":"https:\/\/deccore.com.br\/loja\/wp-json\/wp\/v2\/product_brand?post=5638"},{"taxonomy":"product_cat","embeddable":true,"href":"https:\/\/deccore.com.br\/loja\/wp-json\/wp\/v2\/product_cat?post=5638"},{"taxonomy":"product_tag","embeddable":true,"href":"https:\/\/deccore.com.br\/loja\/wp-json\/wp\/v2\/product_tag?post=5638"}],"curies":[{"name":"wp","href":"https:\/\/api.w.org\/{rel}","templated":true}]}}