{"id":5681,"date":"2020-12-03T16:41:46","date_gmt":"2020-12-03T16:41:46","guid":{"rendered":"https:\/\/deccore.com.br\/loja\/?post_type=product&#038;p=5681"},"modified":"2024-10-22T19:18:52","modified_gmt":"2024-10-22T19:18:52","slug":"cadeira-snack","status":"publish","type":"product","link":"https:\/\/deccore.com.br\/loja\/product\/cadeira-snack\/","title":{"rendered":"CADEIRA SNACK &#8211; SOB ENCOMENDA"},"content":{"rendered":"","protected":false},"excerpt":{"rendered":"<p>OP\u00c7\u00d5ES DE CORES PARA OS P\u00c9S.<\/p>\n<p>OP\u00c7\u00d5ES DE REVESTIMENTOS.<\/p>\n<p>PODEM SER FABRICADAS COM TECIDOS FORNECIDOS: METRAGEM 2.00X1.40 PARA 02 PE\u00c7AS.<\/p>\n","protected":false},"featured_media":5682,"template":"","meta":[],"product_brand":[],"product_cat":[101,62],"product_tag":[],"class_list":{"0":"post-5681","1":"product","2":"type-product","3":"status-publish","4":"has-post-thumbnail","6":"product_cat-cadeira","7":"product_cat-cadeiras","9":"first","10":"onbackorder","11":"shipping-taxable","12":"product-type-simple"},"_links":{"self":[{"href":"https:\/\/deccore.com.br\/loja\/wp-json\/wp\/v2\/product\/5681","targetHints":{"allow":["GET"]}}],"collection":[{"href":"https:\/\/deccore.com.br\/loja\/wp-json\/wp\/v2\/product"}],"about":[{"href":"https:\/\/deccore.com.br\/loja\/wp-json\/wp\/v2\/types\/product"}],"version-history":[{"count":3,"href":"https:\/\/deccore.com.br\/loja\/wp-json\/wp\/v2\/product\/5681\/revisions"}],"predecessor-version":[{"id":15722,"href":"https:\/\/deccore.com.br\/loja\/wp-json\/wp\/v2\/product\/5681\/revisions\/15722"}],"wp:featuredmedia":[{"embeddable":true,"href":"https:\/\/deccore.com.br\/loja\/wp-json\/wp\/v2\/media\/5682"}],"wp:attachment":[{"href":"https:\/\/deccore.com.br\/loja\/wp-json\/wp\/v2\/media?parent=5681"}],"wp:term":[{"taxonomy":"product_brand","embeddable":true,"href":"https:\/\/deccore.com.br\/loja\/wp-json\/wp\/v2\/product_brand?post=5681"},{"taxonomy":"product_cat","embeddable":true,"href":"https:\/\/deccore.com.br\/loja\/wp-json\/wp\/v2\/product_cat?post=5681"},{"taxonomy":"product_tag","embeddable":true,"href":"https:\/\/deccore.com.br\/loja\/wp-json\/wp\/v2\/product_tag?post=5681"}],"curies":[{"name":"wp","href":"https:\/\/api.w.org\/{rel}","templated":true}]}}