{"id":5817,"date":"2021-01-19T18:34:22","date_gmt":"2021-01-19T18:34:22","guid":{"rendered":"https:\/\/deccore.com.br\/loja\/?post_type=product&#038;p=5817"},"modified":"2026-03-24T18:09:13","modified_gmt":"2026-03-24T18:09:13","slug":"chaise-sequence","status":"publish","type":"product","link":"https:\/\/deccore.com.br\/loja\/product\/chaise-sequence\/","title":{"rendered":"CHAISE SEQUENCE &#8211; ENCOMENDA &#8211; O.K"},"content":{"rendered":"","protected":false},"excerpt":{"rendered":"<p>MADEIRA MACI\u00c7A JEQUITIB\u00c1 E APU\u00cd.<\/p>\n<p>OP\u00c7\u00d5ES DE ACABAMENTOS.<\/p>\n","protected":false},"featured_media":5818,"template":"","meta":[],"product_brand":[],"product_cat":[83,84],"product_tag":[],"class_list":{"0":"post-5817","1":"product","2":"type-product","3":"status-publish","4":"has-post-thumbnail","6":"product_cat-chaise","7":"product_cat-espreguicadeira","9":"first","10":"onbackorder","11":"shipping-taxable","12":"product-type-simple"},"_links":{"self":[{"href":"https:\/\/deccore.com.br\/loja\/wp-json\/wp\/v2\/product\/5817","targetHints":{"allow":["GET"]}}],"collection":[{"href":"https:\/\/deccore.com.br\/loja\/wp-json\/wp\/v2\/product"}],"about":[{"href":"https:\/\/deccore.com.br\/loja\/wp-json\/wp\/v2\/types\/product"}],"version-history":[{"count":3,"href":"https:\/\/deccore.com.br\/loja\/wp-json\/wp\/v2\/product\/5817\/revisions"}],"predecessor-version":[{"id":15754,"href":"https:\/\/deccore.com.br\/loja\/wp-json\/wp\/v2\/product\/5817\/revisions\/15754"}],"wp:featuredmedia":[{"embeddable":true,"href":"https:\/\/deccore.com.br\/loja\/wp-json\/wp\/v2\/media\/5818"}],"wp:attachment":[{"href":"https:\/\/deccore.com.br\/loja\/wp-json\/wp\/v2\/media?parent=5817"}],"wp:term":[{"taxonomy":"product_brand","embeddable":true,"href":"https:\/\/deccore.com.br\/loja\/wp-json\/wp\/v2\/product_brand?post=5817"},{"taxonomy":"product_cat","embeddable":true,"href":"https:\/\/deccore.com.br\/loja\/wp-json\/wp\/v2\/product_cat?post=5817"},{"taxonomy":"product_tag","embeddable":true,"href":"https:\/\/deccore.com.br\/loja\/wp-json\/wp\/v2\/product_tag?post=5817"}],"curies":[{"name":"wp","href":"https:\/\/api.w.org\/{rel}","templated":true}]}}