{"id":5945,"date":"2021-02-12T17:21:59","date_gmt":"2021-02-12T17:21:59","guid":{"rendered":"https:\/\/deccore.com.br\/loja\/?post_type=product&#038;p=5945"},"modified":"2024-10-22T14:51:03","modified_gmt":"2024-10-22T14:51:03","slug":"sofa-studio","status":"publish","type":"product","link":"https:\/\/deccore.com.br\/loja\/product\/sofa-studio\/","title":{"rendered":"SOF\u00c1 STUDIO &#8211; SOB. ENCOEMNDA"},"content":{"rendered":"","protected":false},"excerpt":{"rendered":"<p>*****NOVIDADE NA DECCORE HOME*****<\/p>\n<p>A for\u00e7a invis\u00edvel capaz de mudar o destino.<\/p>\n<p>O desejo de muitos mas privil\u00e9gio de poucos.<\/p>\n<p>O elemento que pode virar o jogo, a hist\u00f3ria e a vida.<\/p>\n<p>O modelo Studio combina alt\u00edssimos n\u00edveis de conforto com a presen\u00e7a do couro natural, em uma pe\u00e7a que vai transformar seus ambientes.<\/p>\n","protected":false},"featured_media":5946,"template":"","meta":[],"product_brand":[],"product_cat":[85,65],"product_tag":[],"class_list":{"0":"post-5945","1":"product","2":"type-product","3":"status-publish","4":"has-post-thumbnail","6":"product_cat-estofados","7":"product_cat-sofas-2","9":"first","10":"onbackorder","11":"shipping-taxable","12":"product-type-simple"},"_links":{"self":[{"href":"https:\/\/deccore.com.br\/loja\/wp-json\/wp\/v2\/product\/5945","targetHints":{"allow":["GET"]}}],"collection":[{"href":"https:\/\/deccore.com.br\/loja\/wp-json\/wp\/v2\/product"}],"about":[{"href":"https:\/\/deccore.com.br\/loja\/wp-json\/wp\/v2\/types\/product"}],"version-history":[{"count":2,"href":"https:\/\/deccore.com.br\/loja\/wp-json\/wp\/v2\/product\/5945\/revisions"}],"predecessor-version":[{"id":15687,"href":"https:\/\/deccore.com.br\/loja\/wp-json\/wp\/v2\/product\/5945\/revisions\/15687"}],"wp:featuredmedia":[{"embeddable":true,"href":"https:\/\/deccore.com.br\/loja\/wp-json\/wp\/v2\/media\/5946"}],"wp:attachment":[{"href":"https:\/\/deccore.com.br\/loja\/wp-json\/wp\/v2\/media?parent=5945"}],"wp:term":[{"taxonomy":"product_brand","embeddable":true,"href":"https:\/\/deccore.com.br\/loja\/wp-json\/wp\/v2\/product_brand?post=5945"},{"taxonomy":"product_cat","embeddable":true,"href":"https:\/\/deccore.com.br\/loja\/wp-json\/wp\/v2\/product_cat?post=5945"},{"taxonomy":"product_tag","embeddable":true,"href":"https:\/\/deccore.com.br\/loja\/wp-json\/wp\/v2\/product_tag?post=5945"}],"curies":[{"name":"wp","href":"https:\/\/api.w.org\/{rel}","templated":true}]}}