{"id":6106,"date":"2021-04-07T16:18:41","date_gmt":"2021-04-07T16:18:41","guid":{"rendered":"https:\/\/deccore.com.br\/loja\/?post_type=product&#038;p=6106"},"modified":"2024-10-22T14:50:29","modified_gmt":"2024-10-22T14:50:29","slug":"sofa-camafeu-ii-novidade-deccore","status":"publish","type":"product","link":"https:\/\/deccore.com.br\/loja\/product\/sofa-camafeu-ii-novidade-deccore\/","title":{"rendered":"SOF\u00c1 CAMAFEU II &#8211; SOB. ENCOMENDA"},"content":{"rendered":"","protected":false},"excerpt":{"rendered":"<p>OP\u00c7\u00d5ES DE MEDIDAS.<\/p>\n<p>OP\u00c7\u00d5ES DE REVESTIMENTOS.<\/p>\n","protected":false},"featured_media":6107,"template":"","meta":[],"product_brand":[],"product_cat":[85,65],"product_tag":[],"class_list":{"0":"post-6106","1":"product","2":"type-product","3":"status-publish","4":"has-post-thumbnail","6":"product_cat-estofados","7":"product_cat-sofas-2","9":"first","10":"onbackorder","11":"shipping-taxable","12":"product-type-simple"},"_links":{"self":[{"href":"https:\/\/deccore.com.br\/loja\/wp-json\/wp\/v2\/product\/6106","targetHints":{"allow":["GET"]}}],"collection":[{"href":"https:\/\/deccore.com.br\/loja\/wp-json\/wp\/v2\/product"}],"about":[{"href":"https:\/\/deccore.com.br\/loja\/wp-json\/wp\/v2\/types\/product"}],"version-history":[{"count":2,"href":"https:\/\/deccore.com.br\/loja\/wp-json\/wp\/v2\/product\/6106\/revisions"}],"predecessor-version":[{"id":15686,"href":"https:\/\/deccore.com.br\/loja\/wp-json\/wp\/v2\/product\/6106\/revisions\/15686"}],"wp:featuredmedia":[{"embeddable":true,"href":"https:\/\/deccore.com.br\/loja\/wp-json\/wp\/v2\/media\/6107"}],"wp:attachment":[{"href":"https:\/\/deccore.com.br\/loja\/wp-json\/wp\/v2\/media?parent=6106"}],"wp:term":[{"taxonomy":"product_brand","embeddable":true,"href":"https:\/\/deccore.com.br\/loja\/wp-json\/wp\/v2\/product_brand?post=6106"},{"taxonomy":"product_cat","embeddable":true,"href":"https:\/\/deccore.com.br\/loja\/wp-json\/wp\/v2\/product_cat?post=6106"},{"taxonomy":"product_tag","embeddable":true,"href":"https:\/\/deccore.com.br\/loja\/wp-json\/wp\/v2\/product_tag?post=6106"}],"curies":[{"name":"wp","href":"https:\/\/api.w.org\/{rel}","templated":true}]}}