{"id":6176,"date":"2021-04-16T13:53:22","date_gmt":"2021-04-16T13:53:22","guid":{"rendered":"https:\/\/deccore.com.br\/loja\/?post_type=product&#038;p=6176"},"modified":"2022-04-25T13:56:29","modified_gmt":"2022-04-25T13:56:29","slug":"ambientacao-1","status":"publish","type":"product","link":"https:\/\/deccore.com.br\/loja\/product\/ambientacao-1\/","title":{"rendered":"AMBIENTA\u00c7\u00c3O 1"},"content":{"rendered":"","protected":false},"excerpt":{"rendered":"<p>PE\u00c7AS POR ENCOMENDA<\/p>\n<p>nos sigam no Instagram @deccoremoveis<\/p>\n","protected":false},"featured_media":6177,"template":"","meta":[],"product_brand":[],"product_cat":[15,98],"product_tag":[],"class_list":{"0":"post-6176","1":"product","2":"type-product","3":"status-publish","4":"has-post-thumbnail","6":"product_cat-uncategorized","7":"product_cat-ambientes","9":"first","10":"instock","11":"shipping-taxable","12":"product-type-simple"},"_links":{"self":[{"href":"https:\/\/deccore.com.br\/loja\/wp-json\/wp\/v2\/product\/6176","targetHints":{"allow":["GET"]}}],"collection":[{"href":"https:\/\/deccore.com.br\/loja\/wp-json\/wp\/v2\/product"}],"about":[{"href":"https:\/\/deccore.com.br\/loja\/wp-json\/wp\/v2\/types\/product"}],"version-history":[{"count":4,"href":"https:\/\/deccore.com.br\/loja\/wp-json\/wp\/v2\/product\/6176\/revisions"}],"predecessor-version":[{"id":8510,"href":"https:\/\/deccore.com.br\/loja\/wp-json\/wp\/v2\/product\/6176\/revisions\/8510"}],"wp:featuredmedia":[{"embeddable":true,"href":"https:\/\/deccore.com.br\/loja\/wp-json\/wp\/v2\/media\/6177"}],"wp:attachment":[{"href":"https:\/\/deccore.com.br\/loja\/wp-json\/wp\/v2\/media?parent=6176"}],"wp:term":[{"taxonomy":"product_brand","embeddable":true,"href":"https:\/\/deccore.com.br\/loja\/wp-json\/wp\/v2\/product_brand?post=6176"},{"taxonomy":"product_cat","embeddable":true,"href":"https:\/\/deccore.com.br\/loja\/wp-json\/wp\/v2\/product_cat?post=6176"},{"taxonomy":"product_tag","embeddable":true,"href":"https:\/\/deccore.com.br\/loja\/wp-json\/wp\/v2\/product_tag?post=6176"}],"curies":[{"name":"wp","href":"https:\/\/api.w.org\/{rel}","templated":true}]}}