{"id":6260,"date":"2021-04-28T14:25:39","date_gmt":"2021-04-28T14:25:39","guid":{"rendered":"https:\/\/deccore.com.br\/loja\/?post_type=product&#038;p=6260"},"modified":"2024-10-22T14:48:28","modified_gmt":"2024-10-22T14:48:28","slug":"sofa-malaga-sob-encomenda","status":"publish","type":"product","link":"https:\/\/deccore.com.br\/loja\/product\/sofa-malaga-sob-encomenda\/","title":{"rendered":"SOF\u00c1 M\u00c1LAGA &#8211; SOB. ENCOMENDA"},"content":{"rendered":"","protected":false},"excerpt":{"rendered":"<p>\u2022 S\u00f3 de olhar neste sof\u00e1 podemos sentir como \u00e9 delicioso descansar nele, com suas almofadas soltas em fibra siliconada, espumas D28 Soft com camada S18 Soft, percintas el\u00e1sticas e molas Bonel, fazem dele macio e dur\u00e1vel.<br \/>\n\u2022 Sof\u00e1 fabricado no tecido F-138 com p\u00e9s na cor tabaco, nas medidas de 2,40m | 2,60m | 2,80m | 3,00m.<\/p>\n<p>OP\u00c7\u00d5ES DE REVESTIMENTOS.<\/p>\n<p>OP\u00c7\u00d5ES DE MEDIDAS.<\/p>\n","protected":false},"featured_media":6261,"template":"","meta":[],"product_brand":[],"product_cat":[85,65],"product_tag":[],"class_list":{"0":"post-6260","1":"product","2":"type-product","3":"status-publish","4":"has-post-thumbnail","6":"product_cat-estofados","7":"product_cat-sofas-2","9":"first","10":"onbackorder","11":"shipping-taxable","12":"product-type-simple"},"_links":{"self":[{"href":"https:\/\/deccore.com.br\/loja\/wp-json\/wp\/v2\/product\/6260","targetHints":{"allow":["GET"]}}],"collection":[{"href":"https:\/\/deccore.com.br\/loja\/wp-json\/wp\/v2\/product"}],"about":[{"href":"https:\/\/deccore.com.br\/loja\/wp-json\/wp\/v2\/types\/product"}],"version-history":[{"count":6,"href":"https:\/\/deccore.com.br\/loja\/wp-json\/wp\/v2\/product\/6260\/revisions"}],"predecessor-version":[{"id":15683,"href":"https:\/\/deccore.com.br\/loja\/wp-json\/wp\/v2\/product\/6260\/revisions\/15683"}],"wp:featuredmedia":[{"embeddable":true,"href":"https:\/\/deccore.com.br\/loja\/wp-json\/wp\/v2\/media\/6261"}],"wp:attachment":[{"href":"https:\/\/deccore.com.br\/loja\/wp-json\/wp\/v2\/media?parent=6260"}],"wp:term":[{"taxonomy":"product_brand","embeddable":true,"href":"https:\/\/deccore.com.br\/loja\/wp-json\/wp\/v2\/product_brand?post=6260"},{"taxonomy":"product_cat","embeddable":true,"href":"https:\/\/deccore.com.br\/loja\/wp-json\/wp\/v2\/product_cat?post=6260"},{"taxonomy":"product_tag","embeddable":true,"href":"https:\/\/deccore.com.br\/loja\/wp-json\/wp\/v2\/product_tag?post=6260"}],"curies":[{"name":"wp","href":"https:\/\/api.w.org\/{rel}","templated":true}]}}