{"id":6404,"date":"2021-05-06T14:05:10","date_gmt":"2021-05-06T14:05:10","guid":{"rendered":"https:\/\/deccore.com.br\/loja\/?post_type=product&#038;p=6404"},"modified":"2024-10-22T14:46:18","modified_gmt":"2024-10-22T14:46:18","slug":"sofa-alladro-encomenda","status":"publish","type":"product","link":"https:\/\/deccore.com.br\/loja\/product\/sofa-alladro-encomenda\/","title":{"rendered":"SOF\u00c1 ALLADRO &#8211; SOB. ENCOMENDA"},"content":{"rendered":"","protected":false},"excerpt":{"rendered":"<p>OP\u00c7\u00d5ES DE REVESTIMENTOS.<\/p>\n<p>OP\u00c7\u00d5ES DE MEDIDAS.<\/p>\n","protected":false},"featured_media":6405,"template":"","meta":[],"product_brand":[],"product_cat":[85,65],"product_tag":[],"class_list":{"0":"post-6404","1":"product","2":"type-product","3":"status-publish","4":"has-post-thumbnail","6":"product_cat-estofados","7":"product_cat-sofas-2","9":"first","10":"onbackorder","11":"shipping-taxable","12":"product-type-simple"},"_links":{"self":[{"href":"https:\/\/deccore.com.br\/loja\/wp-json\/wp\/v2\/product\/6404","targetHints":{"allow":["GET"]}}],"collection":[{"href":"https:\/\/deccore.com.br\/loja\/wp-json\/wp\/v2\/product"}],"about":[{"href":"https:\/\/deccore.com.br\/loja\/wp-json\/wp\/v2\/types\/product"}],"version-history":[{"count":3,"href":"https:\/\/deccore.com.br\/loja\/wp-json\/wp\/v2\/product\/6404\/revisions"}],"predecessor-version":[{"id":15679,"href":"https:\/\/deccore.com.br\/loja\/wp-json\/wp\/v2\/product\/6404\/revisions\/15679"}],"wp:featuredmedia":[{"embeddable":true,"href":"https:\/\/deccore.com.br\/loja\/wp-json\/wp\/v2\/media\/6405"}],"wp:attachment":[{"href":"https:\/\/deccore.com.br\/loja\/wp-json\/wp\/v2\/media?parent=6404"}],"wp:term":[{"taxonomy":"product_brand","embeddable":true,"href":"https:\/\/deccore.com.br\/loja\/wp-json\/wp\/v2\/product_brand?post=6404"},{"taxonomy":"product_cat","embeddable":true,"href":"https:\/\/deccore.com.br\/loja\/wp-json\/wp\/v2\/product_cat?post=6404"},{"taxonomy":"product_tag","embeddable":true,"href":"https:\/\/deccore.com.br\/loja\/wp-json\/wp\/v2\/product_tag?post=6404"}],"curies":[{"name":"wp","href":"https:\/\/api.w.org\/{rel}","templated":true}]}}