{"id":6424,"date":"2021-05-07T17:06:57","date_gmt":"2021-05-07T17:06:57","guid":{"rendered":"https:\/\/deccore.com.br\/loja\/?post_type=product&#038;p=6424"},"modified":"2023-08-25T18:44:33","modified_gmt":"2023-08-25T18:44:33","slug":"balanco-thaima","status":"publish","type":"product","link":"https:\/\/deccore.com.br\/loja\/product\/balanco-thaima\/","title":{"rendered":"BALAN\u00c7O THAIM\u00c3 &#8211; ENCOMENDA"},"content":{"rendered":"","protected":false},"excerpt":{"rendered":"<p>OP\u00c7\u00d5ES DE REVESTIMENTOS (TECIDO)<\/p>\n<p>OP\u00c7\u00d5ES DE CORES (CORDA )<\/p>\n","protected":false},"featured_media":6425,"template":"","meta":[],"product_brand":[],"product_cat":[104],"product_tag":[],"class_list":{"0":"post-6424","1":"product","2":"type-product","3":"status-publish","4":"has-post-thumbnail","6":"product_cat-balanco","8":"first","9":"instock","10":"shipping-taxable","11":"product-type-simple"},"_links":{"self":[{"href":"https:\/\/deccore.com.br\/loja\/wp-json\/wp\/v2\/product\/6424","targetHints":{"allow":["GET"]}}],"collection":[{"href":"https:\/\/deccore.com.br\/loja\/wp-json\/wp\/v2\/product"}],"about":[{"href":"https:\/\/deccore.com.br\/loja\/wp-json\/wp\/v2\/types\/product"}],"version-history":[{"count":3,"href":"https:\/\/deccore.com.br\/loja\/wp-json\/wp\/v2\/product\/6424\/revisions"}],"predecessor-version":[{"id":6429,"href":"https:\/\/deccore.com.br\/loja\/wp-json\/wp\/v2\/product\/6424\/revisions\/6429"}],"wp:featuredmedia":[{"embeddable":true,"href":"https:\/\/deccore.com.br\/loja\/wp-json\/wp\/v2\/media\/6425"}],"wp:attachment":[{"href":"https:\/\/deccore.com.br\/loja\/wp-json\/wp\/v2\/media?parent=6424"}],"wp:term":[{"taxonomy":"product_brand","embeddable":true,"href":"https:\/\/deccore.com.br\/loja\/wp-json\/wp\/v2\/product_brand?post=6424"},{"taxonomy":"product_cat","embeddable":true,"href":"https:\/\/deccore.com.br\/loja\/wp-json\/wp\/v2\/product_cat?post=6424"},{"taxonomy":"product_tag","embeddable":true,"href":"https:\/\/deccore.com.br\/loja\/wp-json\/wp\/v2\/product_tag?post=6424"}],"curies":[{"name":"wp","href":"https:\/\/api.w.org\/{rel}","templated":true}]}}