{"id":6434,"date":"2021-05-07T17:22:30","date_gmt":"2021-05-07T17:22:30","guid":{"rendered":"https:\/\/deccore.com.br\/loja\/?post_type=product&#038;p=6434"},"modified":"2024-10-22T19:16:35","modified_gmt":"2024-10-22T19:16:35","slug":"espreguicadeira-gardenia-alta","status":"publish","type":"product","link":"https:\/\/deccore.com.br\/loja\/product\/espreguicadeira-gardenia-alta\/","title":{"rendered":"ESPREGUI\u00c7ADEIRA GARD\u00caNIA ALTA &#8211; ENCOMENDA"},"content":{"rendered":"","protected":false},"excerpt":{"rendered":"<p>OP\u00c7\u00d5ES DE CORES NO ALUM\u00cdNIO E CORDA N\u00c1UTICA.<\/p>\n","protected":false},"featured_media":6435,"template":"","meta":[],"product_brand":[],"product_cat":[84],"product_tag":[],"class_list":{"0":"post-6434","1":"product","2":"type-product","3":"status-publish","4":"has-post-thumbnail","6":"product_cat-espreguicadeira","8":"first","9":"onbackorder","10":"shipping-taxable","11":"product-type-simple"},"_links":{"self":[{"href":"https:\/\/deccore.com.br\/loja\/wp-json\/wp\/v2\/product\/6434","targetHints":{"allow":["GET"]}}],"collection":[{"href":"https:\/\/deccore.com.br\/loja\/wp-json\/wp\/v2\/product"}],"about":[{"href":"https:\/\/deccore.com.br\/loja\/wp-json\/wp\/v2\/types\/product"}],"version-history":[{"count":2,"href":"https:\/\/deccore.com.br\/loja\/wp-json\/wp\/v2\/product\/6434\/revisions"}],"predecessor-version":[{"id":15720,"href":"https:\/\/deccore.com.br\/loja\/wp-json\/wp\/v2\/product\/6434\/revisions\/15720"}],"wp:featuredmedia":[{"embeddable":true,"href":"https:\/\/deccore.com.br\/loja\/wp-json\/wp\/v2\/media\/6435"}],"wp:attachment":[{"href":"https:\/\/deccore.com.br\/loja\/wp-json\/wp\/v2\/media?parent=6434"}],"wp:term":[{"taxonomy":"product_brand","embeddable":true,"href":"https:\/\/deccore.com.br\/loja\/wp-json\/wp\/v2\/product_brand?post=6434"},{"taxonomy":"product_cat","embeddable":true,"href":"https:\/\/deccore.com.br\/loja\/wp-json\/wp\/v2\/product_cat?post=6434"},{"taxonomy":"product_tag","embeddable":true,"href":"https:\/\/deccore.com.br\/loja\/wp-json\/wp\/v2\/product_tag?post=6434"}],"curies":[{"name":"wp","href":"https:\/\/api.w.org\/{rel}","templated":true}]}}