{"id":6441,"date":"2021-05-07T17:32:51","date_gmt":"2021-05-07T17:32:51","guid":{"rendered":"https:\/\/deccore.com.br\/loja\/?post_type=product&#038;p=6441"},"modified":"2023-08-25T18:41:24","modified_gmt":"2023-08-25T18:41:24","slug":"costa-rica","status":"publish","type":"product","link":"https:\/\/deccore.com.br\/loja\/product\/costa-rica\/","title":{"rendered":"COSTA RICA &#8211; ENCOMENDA"},"content":{"rendered":"","protected":false},"excerpt":{"rendered":"<p>OP\u00c7\u00d5ES DE CORES, CORDA N\u00c1UTICA E ALUM\u00cdNIO.<\/p>\n<p>OP\u00c7\u00d5ES DE REVESTIMENTOS.<\/p>\n<p>&nbsp;<\/p>\n","protected":false},"featured_media":6442,"template":"","meta":[],"product_brand":[],"product_cat":[15],"product_tag":[],"class_list":{"0":"post-6441","1":"product","2":"type-product","3":"status-publish","4":"has-post-thumbnail","6":"product_cat-uncategorized","8":"first","9":"instock","10":"shipping-taxable","11":"product-type-simple"},"_links":{"self":[{"href":"https:\/\/deccore.com.br\/loja\/wp-json\/wp\/v2\/product\/6441","targetHints":{"allow":["GET"]}}],"collection":[{"href":"https:\/\/deccore.com.br\/loja\/wp-json\/wp\/v2\/product"}],"about":[{"href":"https:\/\/deccore.com.br\/loja\/wp-json\/wp\/v2\/types\/product"}],"version-history":[{"count":3,"href":"https:\/\/deccore.com.br\/loja\/wp-json\/wp\/v2\/product\/6441\/revisions"}],"predecessor-version":[{"id":6445,"href":"https:\/\/deccore.com.br\/loja\/wp-json\/wp\/v2\/product\/6441\/revisions\/6445"}],"wp:featuredmedia":[{"embeddable":true,"href":"https:\/\/deccore.com.br\/loja\/wp-json\/wp\/v2\/media\/6442"}],"wp:attachment":[{"href":"https:\/\/deccore.com.br\/loja\/wp-json\/wp\/v2\/media?parent=6441"}],"wp:term":[{"taxonomy":"product_brand","embeddable":true,"href":"https:\/\/deccore.com.br\/loja\/wp-json\/wp\/v2\/product_brand?post=6441"},{"taxonomy":"product_cat","embeddable":true,"href":"https:\/\/deccore.com.br\/loja\/wp-json\/wp\/v2\/product_cat?post=6441"},{"taxonomy":"product_tag","embeddable":true,"href":"https:\/\/deccore.com.br\/loja\/wp-json\/wp\/v2\/product_tag?post=6441"}],"curies":[{"name":"wp","href":"https:\/\/api.w.org\/{rel}","templated":true}]}}