{"id":6502,"date":"2021-05-17T16:53:39","date_gmt":"2021-05-17T16:53:39","guid":{"rendered":"https:\/\/deccore.com.br\/loja\/?post_type=product&#038;p=6502"},"modified":"2024-10-22T15:27:48","modified_gmt":"2024-10-22T15:27:48","slug":"poltrona-alix","status":"publish","type":"product","link":"https:\/\/deccore.com.br\/loja\/product\/poltrona-alix\/","title":{"rendered":"POLTRONA \u00c1LIX &#8211; ENCOMENDA &#8211; A.N.C.K"},"content":{"rendered":"<p>OP\u00c7\u00d5ES DE ACABAMENTOS E REVESTIMENTOS.<br \/>\nMEDIDAS<br \/>\nA 79<br \/>\nL 80<br \/>\nP 74<br \/>\nASS: ASADESIGN STUDIO<\/p>\n","protected":false},"excerpt":{"rendered":"<p>OP\u00c7\u00d5ES DE ACABAMENTOS E REVESTIMENTOS. MEDIDAS A 79 L 80 P 74 ASS: ASADESIGN STUDIO<\/p>\n","protected":false},"featured_media":6504,"template":"","meta":[],"product_brand":[],"product_cat":[64],"product_tag":[],"class_list":{"0":"post-6502","1":"product","2":"type-product","3":"status-publish","4":"has-post-thumbnail","6":"product_cat-poltronas","8":"first","9":"onbackorder","10":"shipping-taxable","11":"product-type-simple"},"_links":{"self":[{"href":"https:\/\/deccore.com.br\/loja\/wp-json\/wp\/v2\/product\/6502","targetHints":{"allow":["GET"]}}],"collection":[{"href":"https:\/\/deccore.com.br\/loja\/wp-json\/wp\/v2\/product"}],"about":[{"href":"https:\/\/deccore.com.br\/loja\/wp-json\/wp\/v2\/types\/product"}],"version-history":[{"count":3,"href":"https:\/\/deccore.com.br\/loja\/wp-json\/wp\/v2\/product\/6502\/revisions"}],"predecessor-version":[{"id":15701,"href":"https:\/\/deccore.com.br\/loja\/wp-json\/wp\/v2\/product\/6502\/revisions\/15701"}],"wp:featuredmedia":[{"embeddable":true,"href":"https:\/\/deccore.com.br\/loja\/wp-json\/wp\/v2\/media\/6504"}],"wp:attachment":[{"href":"https:\/\/deccore.com.br\/loja\/wp-json\/wp\/v2\/media?parent=6502"}],"wp:term":[{"taxonomy":"product_brand","embeddable":true,"href":"https:\/\/deccore.com.br\/loja\/wp-json\/wp\/v2\/product_brand?post=6502"},{"taxonomy":"product_cat","embeddable":true,"href":"https:\/\/deccore.com.br\/loja\/wp-json\/wp\/v2\/product_cat?post=6502"},{"taxonomy":"product_tag","embeddable":true,"href":"https:\/\/deccore.com.br\/loja\/wp-json\/wp\/v2\/product_tag?post=6502"}],"curies":[{"name":"wp","href":"https:\/\/api.w.org\/{rel}","templated":true}]}}