{"id":6572,"date":"2021-05-24T16:48:19","date_gmt":"2021-05-24T16:48:19","guid":{"rendered":"https:\/\/deccore.com.br\/loja\/?post_type=product&#038;p=6572"},"modified":"2026-03-24T17:43:59","modified_gmt":"2026-03-24T17:43:59","slug":"cadeira-nancy-tex-com-bracos-encomenda","status":"publish","type":"product","link":"https:\/\/deccore.com.br\/loja\/product\/cadeira-nancy-tex-com-bracos-encomenda\/","title":{"rendered":"Poltrona Nancy Lee &#8211; ENCOMENDA"},"content":{"rendered":"","protected":false},"excerpt":{"rendered":"<div class=\"fl-module fl-module-separator fl-node-wmbtkyu2rne8\" data-node=\"wmbtkyu2rne8\">\n<div class=\"fl-module-content fl-node-content\">\n<div class=\"fl-separator\"><span style=\"font-size: 1rem;\">A Poltrona Nancy tem um design que une leveza e fluidez, traz muito conforto, eleg\u00e2ncia e um alto padr\u00e3o de acabamento. Seu formato geom\u00e9trico e o encosto com curvas sutis valorizam suas caracter\u00edsticas naturais. O modelo est\u00e1 dispon\u00edvel nas vers\u00f5es Lee, Lux, Slim, Tex e Soft.<\/span><\/div>\n<\/div>\n<\/div>\n<p>TAMANHOS DISPON\u00cdVEIS (L x P x A)<br \/>\n52 x 58 x 82<\/p>\n<div class=\"fl-module fl-module-fl-woo-product-description fl-node-fnuks01hiz3q\" data-node=\"fnuks01hiz3q\">\n<div class=\"fl-module-content fl-node-content\">\n<p>TAMANHOS DISPON\u00cdVEIS (L x P x A)<br \/>\n52 x 58 x 82<\/p>\n<\/div>\n<\/div>\n<div class=\"fl-module fl-module-html fl-node-m7fn64xuibto\" data-node=\"m7fn64xuibto\">\n<div class=\"fl-module-content fl-node-content\">\n<div class=\"fl-html\"><a class=\"botao-download-3d\" href=\"https:\/\/www.moveisgottems.com.br\/wp-content\/uploads\/2025\/01\/Poltrona-Nancy-Lee-Gottems.skp\" target=\"_blank\" rel=\"noopener\" download=\"\"><img decoding=\"async\" class=\"imagem-download-3d\" src=\"https:\/\/www.moveisgottems.com.br\/wp-content\/uploads\/2024\/12\/Icone-SKP-Novo.png\" alt=\"Baixar Arquivo 3D 1\" width=\"35\" height=\"35\" \/>DOWNLOAD SKP<\/a><\/div>\n<\/div>\n<\/div>\n<p>OP\u00c7\u00d5ES DE REVESTIMENTOS.<\/p>\n<p>OP\u00c7OES DE ACABAMENTOS.<\/p>\n<p>OP\u00c7\u00d5ES DE PALHAS.<\/p>\n","protected":false},"featured_media":16459,"template":"","meta":[],"product_brand":[],"product_cat":[15,101,62,64],"product_tag":[],"class_list":{"0":"post-6572","1":"product","2":"type-product","3":"status-publish","4":"has-post-thumbnail","6":"product_cat-uncategorized","7":"product_cat-cadeira","8":"product_cat-cadeiras","9":"product_cat-poltronas","11":"first","12":"onbackorder","13":"shipping-taxable","14":"product-type-simple"},"_links":{"self":[{"href":"https:\/\/deccore.com.br\/loja\/wp-json\/wp\/v2\/product\/6572","targetHints":{"allow":["GET"]}}],"collection":[{"href":"https:\/\/deccore.com.br\/loja\/wp-json\/wp\/v2\/product"}],"about":[{"href":"https:\/\/deccore.com.br\/loja\/wp-json\/wp\/v2\/types\/product"}],"version-history":[{"count":4,"href":"https:\/\/deccore.com.br\/loja\/wp-json\/wp\/v2\/product\/6572\/revisions"}],"predecessor-version":[{"id":16460,"href":"https:\/\/deccore.com.br\/loja\/wp-json\/wp\/v2\/product\/6572\/revisions\/16460"}],"wp:featuredmedia":[{"embeddable":true,"href":"https:\/\/deccore.com.br\/loja\/wp-json\/wp\/v2\/media\/16459"}],"wp:attachment":[{"href":"https:\/\/deccore.com.br\/loja\/wp-json\/wp\/v2\/media?parent=6572"}],"wp:term":[{"taxonomy":"product_brand","embeddable":true,"href":"https:\/\/deccore.com.br\/loja\/wp-json\/wp\/v2\/product_brand?post=6572"},{"taxonomy":"product_cat","embeddable":true,"href":"https:\/\/deccore.com.br\/loja\/wp-json\/wp\/v2\/product_cat?post=6572"},{"taxonomy":"product_tag","embeddable":true,"href":"https:\/\/deccore.com.br\/loja\/wp-json\/wp\/v2\/product_tag?post=6572"}],"curies":[{"name":"wp","href":"https:\/\/api.w.org\/{rel}","templated":true}]}}