{"id":6638,"date":"2021-05-31T16:12:46","date_gmt":"2021-05-31T16:12:46","guid":{"rendered":"https:\/\/deccore.com.br\/loja\/?post_type=product&#038;p=6638"},"modified":"2021-05-31T16:12:46","modified_gmt":"2021-05-31T16:12:46","slug":"bruno-faucz","status":"publish","type":"product","link":"https:\/\/deccore.com.br\/loja\/product\/bruno-faucz\/","title":{"rendered":"BRUNO FAUCZ"},"content":{"rendered":"","protected":false},"excerpt":{"rendered":"<p>Bruno Faucz \u00e9 catarinense e desde pequeno esteve com papel e l\u00e1pis \u00e0 m\u00e3o, sempre fascinado pelo mundo criativo. Formado em Design de Mobili\u00e1rio e p\u00f3s-graduado em Design de Produto no curso Master Design Internacional, em parceria com renomadas institui\u00e7\u00f5es.<\/p>\n<p>Bruno iniciou o pr\u00f3prio est\u00fadio de design que leva seu nome. O mesmo se baseia em tr\u00eas pilares: mercado, ind\u00fastria e design, buscando sempre trazer produtos que sejam completos em todas as suas estapas, desde a produ\u00e7\u00e3o at\u00e9 o uso cotidiano.<\/p>\n","protected":false},"featured_media":6639,"template":"","meta":[],"product_brand":[],"product_cat":[15],"product_tag":[],"class_list":{"0":"post-6638","1":"product","2":"type-product","3":"status-publish","4":"has-post-thumbnail","6":"product_cat-uncategorized","8":"first","9":"instock","10":"shipping-taxable","11":"product-type-simple"},"_links":{"self":[{"href":"https:\/\/deccore.com.br\/loja\/wp-json\/wp\/v2\/product\/6638","targetHints":{"allow":["GET"]}}],"collection":[{"href":"https:\/\/deccore.com.br\/loja\/wp-json\/wp\/v2\/product"}],"about":[{"href":"https:\/\/deccore.com.br\/loja\/wp-json\/wp\/v2\/types\/product"}],"version-history":[{"count":1,"href":"https:\/\/deccore.com.br\/loja\/wp-json\/wp\/v2\/product\/6638\/revisions"}],"predecessor-version":[{"id":6642,"href":"https:\/\/deccore.com.br\/loja\/wp-json\/wp\/v2\/product\/6638\/revisions\/6642"}],"wp:featuredmedia":[{"embeddable":true,"href":"https:\/\/deccore.com.br\/loja\/wp-json\/wp\/v2\/media\/6639"}],"wp:attachment":[{"href":"https:\/\/deccore.com.br\/loja\/wp-json\/wp\/v2\/media?parent=6638"}],"wp:term":[{"taxonomy":"product_brand","embeddable":true,"href":"https:\/\/deccore.com.br\/loja\/wp-json\/wp\/v2\/product_brand?post=6638"},{"taxonomy":"product_cat","embeddable":true,"href":"https:\/\/deccore.com.br\/loja\/wp-json\/wp\/v2\/product_cat?post=6638"},{"taxonomy":"product_tag","embeddable":true,"href":"https:\/\/deccore.com.br\/loja\/wp-json\/wp\/v2\/product_tag?post=6638"}],"curies":[{"name":"wp","href":"https:\/\/api.w.org\/{rel}","templated":true}]}}