{"id":6645,"date":"2021-06-01T16:46:10","date_gmt":"2021-06-01T16:46:10","guid":{"rendered":"https:\/\/deccore.com.br\/loja\/?post_type=product&#038;p=6645"},"modified":"2023-12-14T16:46:58","modified_gmt":"2023-12-14T16:46:58","slug":"fabricio-roncca","status":"publish","type":"product","link":"https:\/\/deccore.com.br\/loja\/product\/fabricio-roncca\/","title":{"rendered":"FABRICIO RONCCA &#8211; DESIGNER"},"content":{"rendered":"","protected":false},"excerpt":{"rendered":"<p>https:\/\/youtu.be\/kMIotpUEdN4<\/p>\n<p>Fabr\u00edcio Roncca \u00e9 arquiteto, docente e designer. Al\u00e9m disso, \u00e9 especialista em p\u00f3s-modernidade e \u00e9 gestor do design pela Universidade Estadual de Londrina.<\/p>\n<p>Desde 2002, a incessante busca por novas formas, conceitos regionalistas brasileiros mesclados com o universo fascinante das artes e da arquitetura internacional, transcrevem o car\u00e1ter \u00edmpar de suas pe\u00e7as.<\/p>\n<\/div>\n","protected":false},"featured_media":6646,"template":"","meta":[],"product_brand":[],"product_cat":[15],"product_tag":[],"class_list":{"0":"post-6645","1":"product","2":"type-product","3":"status-publish","4":"has-post-thumbnail","6":"product_cat-uncategorized","8":"first","9":"instock","10":"shipping-taxable","11":"product-type-simple"},"_links":{"self":[{"href":"https:\/\/deccore.com.br\/loja\/wp-json\/wp\/v2\/product\/6645","targetHints":{"allow":["GET"]}}],"collection":[{"href":"https:\/\/deccore.com.br\/loja\/wp-json\/wp\/v2\/product"}],"about":[{"href":"https:\/\/deccore.com.br\/loja\/wp-json\/wp\/v2\/types\/product"}],"version-history":[{"count":3,"href":"https:\/\/deccore.com.br\/loja\/wp-json\/wp\/v2\/product\/6645\/revisions"}],"predecessor-version":[{"id":13713,"href":"https:\/\/deccore.com.br\/loja\/wp-json\/wp\/v2\/product\/6645\/revisions\/13713"}],"wp:featuredmedia":[{"embeddable":true,"href":"https:\/\/deccore.com.br\/loja\/wp-json\/wp\/v2\/media\/6646"}],"wp:attachment":[{"href":"https:\/\/deccore.com.br\/loja\/wp-json\/wp\/v2\/media?parent=6645"}],"wp:term":[{"taxonomy":"product_brand","embeddable":true,"href":"https:\/\/deccore.com.br\/loja\/wp-json\/wp\/v2\/product_brand?post=6645"},{"taxonomy":"product_cat","embeddable":true,"href":"https:\/\/deccore.com.br\/loja\/wp-json\/wp\/v2\/product_cat?post=6645"},{"taxonomy":"product_tag","embeddable":true,"href":"https:\/\/deccore.com.br\/loja\/wp-json\/wp\/v2\/product_tag?post=6645"}],"curies":[{"name":"wp","href":"https:\/\/api.w.org\/{rel}","templated":true}]}}