{"id":6648,"date":"2021-06-01T16:48:51","date_gmt":"2021-06-01T16:48:51","guid":{"rendered":"https:\/\/deccore.com.br\/loja\/?post_type=product&#038;p=6648"},"modified":"2021-06-01T16:48:51","modified_gmt":"2021-06-01T16:48:51","slug":"izabel-bradasch","status":"publish","type":"product","link":"https:\/\/deccore.com.br\/loja\/product\/izabel-bradasch\/","title":{"rendered":"IZABEL BRADASCH"},"content":{"rendered":"","protected":false},"excerpt":{"rendered":"<div class=\"left\">\n<p>Izabel Cristina Ferreira Bradasch \u00e9 designer de produto graduada pela UFPR em 1999. Atuou em escrit\u00f3rios de arquitetura, design de mobili\u00e1rio e ilumina\u00e7\u00e3o, recebendo neste setor o pr\u00eamio Abilux 2011, pela cria\u00e7\u00e3o da lumin\u00e1ria Marola. \u00c9 especialista em Comunica\u00e7\u00e3o e Marketing e desde 2001 tem direcionamento o seu trabalho para o design de mobili\u00e1rio, que, segundo Izabel, \u00e9 sua grande paix\u00e3o. Atuando como designer \u00e0 frente da Croma Design Est\u00fadio, tem autoria em diversos produtos de sucesso dispon\u00edveis no mercado, especialmente no setor moveleiro.<\/p>\n<\/div>\n","protected":false},"featured_media":6649,"template":"","meta":[],"product_brand":[],"product_cat":[15],"product_tag":[],"class_list":{"0":"post-6648","1":"product","2":"type-product","3":"status-publish","4":"has-post-thumbnail","6":"product_cat-uncategorized","8":"first","9":"instock","10":"shipping-taxable","11":"product-type-simple"},"_links":{"self":[{"href":"https:\/\/deccore.com.br\/loja\/wp-json\/wp\/v2\/product\/6648","targetHints":{"allow":["GET"]}}],"collection":[{"href":"https:\/\/deccore.com.br\/loja\/wp-json\/wp\/v2\/product"}],"about":[{"href":"https:\/\/deccore.com.br\/loja\/wp-json\/wp\/v2\/types\/product"}],"version-history":[{"count":1,"href":"https:\/\/deccore.com.br\/loja\/wp-json\/wp\/v2\/product\/6648\/revisions"}],"predecessor-version":[{"id":6650,"href":"https:\/\/deccore.com.br\/loja\/wp-json\/wp\/v2\/product\/6648\/revisions\/6650"}],"wp:featuredmedia":[{"embeddable":true,"href":"https:\/\/deccore.com.br\/loja\/wp-json\/wp\/v2\/media\/6649"}],"wp:attachment":[{"href":"https:\/\/deccore.com.br\/loja\/wp-json\/wp\/v2\/media?parent=6648"}],"wp:term":[{"taxonomy":"product_brand","embeddable":true,"href":"https:\/\/deccore.com.br\/loja\/wp-json\/wp\/v2\/product_brand?post=6648"},{"taxonomy":"product_cat","embeddable":true,"href":"https:\/\/deccore.com.br\/loja\/wp-json\/wp\/v2\/product_cat?post=6648"},{"taxonomy":"product_tag","embeddable":true,"href":"https:\/\/deccore.com.br\/loja\/wp-json\/wp\/v2\/product_tag?post=6648"}],"curies":[{"name":"wp","href":"https:\/\/api.w.org\/{rel}","templated":true}]}}