{"id":6651,"date":"2021-06-01T16:52:30","date_gmt":"2021-06-01T16:52:30","guid":{"rendered":"https:\/\/deccore.com.br\/loja\/?post_type=product&#038;p=6651"},"modified":"2023-12-14T16:54:33","modified_gmt":"2023-12-14T16:54:33","slug":"luan-del-savio","status":"publish","type":"product","link":"https:\/\/deccore.com.br\/loja\/product\/luan-del-savio\/","title":{"rendered":"LUAN DEL SAVIO"},"content":{"rendered":"","protected":false},"excerpt":{"rendered":"<p>Luan Del Savio (1989) \u00e9 designer, formado em desenho industrial e especialista em engenharia de produ\u00e7\u00e3o.<br \/>\nObservando a conflu\u00eancia das \u00e1reas na otimiza\u00e7\u00e3o de produtos que reverenciam a express\u00e3o m\u00e1xima da forma e da fun\u00e7\u00e3o que inicia seus trabalhos com pe\u00e7as de mobili\u00e1rio. Sua obra \u00e9 contempor\u00e2nea: aliar o emocional criativo com a racionalidade da produ\u00e7\u00e3o soma cumplicidade \u00fanica a cada desenho. Ao mesmo tempo que se enchem de alma, o aproveitamento de recursos e o pensamento inventivo contemplam com igual import\u00e2ncia a sustentabilidade. Tra\u00e7o leve, moderno e desenho limpo caracterizam as formas retratadas. A singularidade brasileira chega nas curvas, no gingado que as veias da madeira natural estampam. Madeira e a\u00e7o s\u00e3o, a prop\u00f3sito, os protagonistas, um jogo entre vida e resist\u00eancia na met\u00e1fora de materiais que se dobram, se curvam e se rendem \u00e0 energia daquilo que o desenho vir\u00e1 a ser.<br \/>\nDel Savio acredita que o m\u00f3vel precisa causar algum tipo de emo\u00e7\u00e3o ao usu\u00e1rio, por isso funcionalidade e eleg\u00e2ncia se vestem de pureza e simplicidade, abrindo interpreta\u00e7\u00f5es para projetos plurais.<\/p>\n<\/div>\n","protected":false},"featured_media":6652,"template":"","meta":[],"product_brand":[],"product_cat":[15],"product_tag":[],"class_list":{"0":"post-6651","1":"product","2":"type-product","3":"status-publish","4":"has-post-thumbnail","6":"product_cat-uncategorized","8":"first","9":"instock","10":"shipping-taxable","11":"product-type-simple"},"_links":{"self":[{"href":"https:\/\/deccore.com.br\/loja\/wp-json\/wp\/v2\/product\/6651","targetHints":{"allow":["GET"]}}],"collection":[{"href":"https:\/\/deccore.com.br\/loja\/wp-json\/wp\/v2\/product"}],"about":[{"href":"https:\/\/deccore.com.br\/loja\/wp-json\/wp\/v2\/types\/product"}],"version-history":[{"count":3,"href":"https:\/\/deccore.com.br\/loja\/wp-json\/wp\/v2\/product\/6651\/revisions"}],"predecessor-version":[{"id":13722,"href":"https:\/\/deccore.com.br\/loja\/wp-json\/wp\/v2\/product\/6651\/revisions\/13722"}],"wp:featuredmedia":[{"embeddable":true,"href":"https:\/\/deccore.com.br\/loja\/wp-json\/wp\/v2\/media\/6652"}],"wp:attachment":[{"href":"https:\/\/deccore.com.br\/loja\/wp-json\/wp\/v2\/media?parent=6651"}],"wp:term":[{"taxonomy":"product_brand","embeddable":true,"href":"https:\/\/deccore.com.br\/loja\/wp-json\/wp\/v2\/product_brand?post=6651"},{"taxonomy":"product_cat","embeddable":true,"href":"https:\/\/deccore.com.br\/loja\/wp-json\/wp\/v2\/product_cat?post=6651"},{"taxonomy":"product_tag","embeddable":true,"href":"https:\/\/deccore.com.br\/loja\/wp-json\/wp\/v2\/product_tag?post=6651"}],"curies":[{"name":"wp","href":"https:\/\/api.w.org\/{rel}","templated":true}]}}