{"id":6654,"date":"2021-06-01T16:56:33","date_gmt":"2021-06-01T16:56:33","guid":{"rendered":"https:\/\/deccore.com.br\/loja\/?post_type=product&#038;p=6654"},"modified":"2022-06-06T18:52:54","modified_gmt":"2022-06-06T18:52:54","slug":"ramon-zancanaro","status":"publish","type":"product","link":"https:\/\/deccore.com.br\/loja\/product\/ramon-zancanaro\/","title":{"rendered":"RAMON ZANCANARO"},"content":{"rendered":"","protected":false},"excerpt":{"rendered":"<p>Ramon Zancanaro cresceu em uma fam\u00edlia de marceneiros, serralheiros e artistas de descend\u00eancia europ\u00e9ia. Apesar de ter estudado mec\u00e2nica, percebeu que estava destinado a seguir a sina da fam\u00edlia e dedicar-se a arte e design. Como artista, teve trabalhos de grande influ\u00eancia mundo a fora, sendo 4 deles citados entre os 400 melhores do s\u00e9culo 21. Fortemente influenciadas pelo design Italiano, as experi\u00eancias desse catarinense com mobili\u00e1rio se materializam em desenhos bem resolvidos, propor\u00e7\u00f5es agrad\u00e1veis e uma eleg\u00e2ncia atemporal. \u201cManifesto minhas inspira\u00e7\u00f5es por meio do equil\u00edbrio da imagina\u00e7\u00e3o e maestria t\u00e9cnica. Curioso e apaixonado, expresso em cada projeto autoral, conceitos que aliam est\u00e9tica e funcionalidade para compor cen\u00e1rios singulares e aut\u00eanticos na casa de meus clientes.\u201d<\/p>\n","protected":false},"featured_media":6656,"template":"","meta":[],"product_brand":[],"product_cat":[15],"product_tag":[],"class_list":{"0":"post-6654","1":"product","2":"type-product","3":"status-publish","4":"has-post-thumbnail","6":"product_cat-uncategorized","8":"first","9":"instock","10":"shipping-taxable","11":"product-type-simple"},"_links":{"self":[{"href":"https:\/\/deccore.com.br\/loja\/wp-json\/wp\/v2\/product\/6654","targetHints":{"allow":["GET"]}}],"collection":[{"href":"https:\/\/deccore.com.br\/loja\/wp-json\/wp\/v2\/product"}],"about":[{"href":"https:\/\/deccore.com.br\/loja\/wp-json\/wp\/v2\/types\/product"}],"version-history":[{"count":3,"href":"https:\/\/deccore.com.br\/loja\/wp-json\/wp\/v2\/product\/6654\/revisions"}],"predecessor-version":[{"id":9229,"href":"https:\/\/deccore.com.br\/loja\/wp-json\/wp\/v2\/product\/6654\/revisions\/9229"}],"wp:featuredmedia":[{"embeddable":true,"href":"https:\/\/deccore.com.br\/loja\/wp-json\/wp\/v2\/media\/6656"}],"wp:attachment":[{"href":"https:\/\/deccore.com.br\/loja\/wp-json\/wp\/v2\/media?parent=6654"}],"wp:term":[{"taxonomy":"product_brand","embeddable":true,"href":"https:\/\/deccore.com.br\/loja\/wp-json\/wp\/v2\/product_brand?post=6654"},{"taxonomy":"product_cat","embeddable":true,"href":"https:\/\/deccore.com.br\/loja\/wp-json\/wp\/v2\/product_cat?post=6654"},{"taxonomy":"product_tag","embeddable":true,"href":"https:\/\/deccore.com.br\/loja\/wp-json\/wp\/v2\/product_tag?post=6654"}],"curies":[{"name":"wp","href":"https:\/\/api.w.org\/{rel}","templated":true}]}}