{"id":6662,"date":"2021-06-04T13:16:27","date_gmt":"2021-06-04T13:16:27","guid":{"rendered":"https:\/\/deccore.com.br\/loja\/?post_type=product&#038;p=6662"},"modified":"2021-11-23T18:55:55","modified_gmt":"2021-11-23T18:55:55","slug":"luia-mantelli","status":"publish","type":"product","link":"https:\/\/deccore.com.br\/loja\/product\/luia-mantelli\/","title":{"rendered":"LUIA MANTELLI"},"content":{"rendered":"","protected":false},"excerpt":{"rendered":"<p>Para o arquiteto ga\u00facho, arte, moda e design s\u00e3o as principais influ\u00eancias de seu estilo, que se baseia na simplicidade de solu\u00e7\u00f5es. Em Barcelona, ele se graduou em desenho de mobili\u00e1rio e viveu durante quatro anos nesta cidade.<\/p>\n<p>Luia Mantelli acompanha o processo de produ\u00e7\u00e3o de suas pe\u00e7as e seu foco est\u00e1 nos m\u00f3veis com formas e texturas atemporais. Para ele, um dos pontos mais importantes de seu trabalho \u00e9 conectar os produtos com os consumidores, sempre com um acabamento impec\u00e1vel e elegante. O lado funcional vem junto com a ergonomia e a beleza de tudo o que leva seu nome.<\/p>\n","protected":false},"featured_media":6664,"template":"","meta":[],"product_brand":[],"product_cat":[15],"product_tag":[],"class_list":{"0":"post-6662","1":"product","2":"type-product","3":"status-publish","4":"has-post-thumbnail","6":"product_cat-uncategorized","8":"first","9":"instock","10":"shipping-taxable","11":"product-type-simple"},"_links":{"self":[{"href":"https:\/\/deccore.com.br\/loja\/wp-json\/wp\/v2\/product\/6662","targetHints":{"allow":["GET"]}}],"collection":[{"href":"https:\/\/deccore.com.br\/loja\/wp-json\/wp\/v2\/product"}],"about":[{"href":"https:\/\/deccore.com.br\/loja\/wp-json\/wp\/v2\/types\/product"}],"version-history":[{"count":2,"href":"https:\/\/deccore.com.br\/loja\/wp-json\/wp\/v2\/product\/6662\/revisions"}],"predecessor-version":[{"id":6665,"href":"https:\/\/deccore.com.br\/loja\/wp-json\/wp\/v2\/product\/6662\/revisions\/6665"}],"wp:featuredmedia":[{"embeddable":true,"href":"https:\/\/deccore.com.br\/loja\/wp-json\/wp\/v2\/media\/6664"}],"wp:attachment":[{"href":"https:\/\/deccore.com.br\/loja\/wp-json\/wp\/v2\/media?parent=6662"}],"wp:term":[{"taxonomy":"product_brand","embeddable":true,"href":"https:\/\/deccore.com.br\/loja\/wp-json\/wp\/v2\/product_brand?post=6662"},{"taxonomy":"product_cat","embeddable":true,"href":"https:\/\/deccore.com.br\/loja\/wp-json\/wp\/v2\/product_cat?post=6662"},{"taxonomy":"product_tag","embeddable":true,"href":"https:\/\/deccore.com.br\/loja\/wp-json\/wp\/v2\/product_tag?post=6662"}],"curies":[{"name":"wp","href":"https:\/\/api.w.org\/{rel}","templated":true}]}}