{"id":6667,"date":"2021-06-04T13:30:34","date_gmt":"2021-06-04T13:30:34","guid":{"rendered":"https:\/\/deccore.com.br\/loja\/?post_type=product&#038;p=6667"},"modified":"2021-06-04T13:30:34","modified_gmt":"2021-06-04T13:30:34","slug":"daniel-kroth","status":"publish","type":"product","link":"https:\/\/deccore.com.br\/loja\/product\/daniel-kroth\/","title":{"rendered":"DANIEL KROTH"},"content":{"rendered":"","protected":false},"excerpt":{"rendered":"<p>Formado em Arquitetura e Urbanismo pela Universidade Federal do Rio Grande do Sul (UFRGS) em 2002, o arquiteto tem mestrado em Engenharia de Materiais e mestrado em Engenharia Ambiental com \u00eanfase em Arquitetura Sustent\u00e1vel.\u00a0 Al\u00e9m disso concluiu especializa\u00e7\u00e3o na \u00e1rea de Paisagismo.<br \/>\nAtualmente trabalha nas diversas \u00e1reas da arquitetura, principalmente arquitetura residencial e comercial, atuando desde o projeto da edifica\u00e7\u00e3o at\u00e9 a sua ambienta\u00e7\u00e3o, incluindo arquitetura de interiores, coordena\u00e7\u00e3o de projetos complementares e acompanhamento de obras.<br \/>\nO arquiteto est\u00e1 sempre em busca de aprimoramento e qualifica\u00e7\u00e3o profissional a fim de melhor atender os seus clientes. Para isto, viaja e visita frequentemente os grandes centros e eventos do setor para agregar ainda mais valor ao seu repert\u00f3rio arquitet\u00f4nico.<br \/>\nO resultado \u00e9 um trabalho de alta qualidade, com estilo e bom gosto que o arquiteto imprime em suas cria\u00e7\u00f5es, traduzida nas \u00faltimas tend\u00eancias e lan\u00e7amentos da arquitetura, decora\u00e7\u00e3o e design de interiores.<\/p>\n","protected":false},"featured_media":6668,"template":"","meta":[],"product_brand":[],"product_cat":[15],"product_tag":[],"class_list":{"0":"post-6667","1":"product","2":"type-product","3":"status-publish","4":"has-post-thumbnail","6":"product_cat-uncategorized","8":"first","9":"instock","10":"shipping-taxable","11":"product-type-simple"},"_links":{"self":[{"href":"https:\/\/deccore.com.br\/loja\/wp-json\/wp\/v2\/product\/6667","targetHints":{"allow":["GET"]}}],"collection":[{"href":"https:\/\/deccore.com.br\/loja\/wp-json\/wp\/v2\/product"}],"about":[{"href":"https:\/\/deccore.com.br\/loja\/wp-json\/wp\/v2\/types\/product"}],"version-history":[{"count":1,"href":"https:\/\/deccore.com.br\/loja\/wp-json\/wp\/v2\/product\/6667\/revisions"}],"predecessor-version":[{"id":6669,"href":"https:\/\/deccore.com.br\/loja\/wp-json\/wp\/v2\/product\/6667\/revisions\/6669"}],"wp:featuredmedia":[{"embeddable":true,"href":"https:\/\/deccore.com.br\/loja\/wp-json\/wp\/v2\/media\/6668"}],"wp:attachment":[{"href":"https:\/\/deccore.com.br\/loja\/wp-json\/wp\/v2\/media?parent=6667"}],"wp:term":[{"taxonomy":"product_brand","embeddable":true,"href":"https:\/\/deccore.com.br\/loja\/wp-json\/wp\/v2\/product_brand?post=6667"},{"taxonomy":"product_cat","embeddable":true,"href":"https:\/\/deccore.com.br\/loja\/wp-json\/wp\/v2\/product_cat?post=6667"},{"taxonomy":"product_tag","embeddable":true,"href":"https:\/\/deccore.com.br\/loja\/wp-json\/wp\/v2\/product_tag?post=6667"}],"curies":[{"name":"wp","href":"https:\/\/api.w.org\/{rel}","templated":true}]}}