{"id":6855,"date":"2021-06-14T16:45:50","date_gmt":"2021-06-14T16:45:50","guid":{"rendered":"https:\/\/deccore.com.br\/loja\/?post_type=product&#038;p=6855"},"modified":"2024-10-22T19:26:04","modified_gmt":"2024-10-22T19:26:04","slug":"banqueta-gavea","status":"publish","type":"product","link":"https:\/\/deccore.com.br\/loja\/product\/banqueta-gavea\/","title":{"rendered":"BANQUETA G\u00c1VEA &#8211; ENCOMENDA ESS."},"content":{"rendered":"","protected":false},"excerpt":{"rendered":"<p>OP\u00c7\u00d5ES DE ACABAMENTOS E REVESTIMENTOS.<\/p>\n","protected":false},"featured_media":9174,"template":"","meta":[],"product_brand":[],"product_cat":[15,78],"product_tag":[],"class_list":{"0":"post-6855","1":"product","2":"type-product","3":"status-publish","4":"has-post-thumbnail","6":"product_cat-uncategorized","7":"product_cat-banquetas","9":"first","10":"onbackorder","11":"shipping-taxable","12":"product-type-simple"},"_links":{"self":[{"href":"https:\/\/deccore.com.br\/loja\/wp-json\/wp\/v2\/product\/6855","targetHints":{"allow":["GET"]}}],"collection":[{"href":"https:\/\/deccore.com.br\/loja\/wp-json\/wp\/v2\/product"}],"about":[{"href":"https:\/\/deccore.com.br\/loja\/wp-json\/wp\/v2\/types\/product"}],"version-history":[{"count":4,"href":"https:\/\/deccore.com.br\/loja\/wp-json\/wp\/v2\/product\/6855\/revisions"}],"predecessor-version":[{"id":13613,"href":"https:\/\/deccore.com.br\/loja\/wp-json\/wp\/v2\/product\/6855\/revisions\/13613"}],"wp:featuredmedia":[{"embeddable":true,"href":"https:\/\/deccore.com.br\/loja\/wp-json\/wp\/v2\/media\/9174"}],"wp:attachment":[{"href":"https:\/\/deccore.com.br\/loja\/wp-json\/wp\/v2\/media?parent=6855"}],"wp:term":[{"taxonomy":"product_brand","embeddable":true,"href":"https:\/\/deccore.com.br\/loja\/wp-json\/wp\/v2\/product_brand?post=6855"},{"taxonomy":"product_cat","embeddable":true,"href":"https:\/\/deccore.com.br\/loja\/wp-json\/wp\/v2\/product_cat?post=6855"},{"taxonomy":"product_tag","embeddable":true,"href":"https:\/\/deccore.com.br\/loja\/wp-json\/wp\/v2\/product_tag?post=6855"}],"curies":[{"name":"wp","href":"https:\/\/api.w.org\/{rel}","templated":true}]}}