{"id":6882,"date":"2021-06-15T20:53:00","date_gmt":"2021-06-15T20:53:00","guid":{"rendered":"https:\/\/deccore.com.br\/loja\/?post_type=product&#038;p=6882"},"modified":"2022-06-10T13:48:36","modified_gmt":"2022-06-10T13:48:36","slug":"aparador-piton-novidade-deccore","status":"publish","type":"product","link":"https:\/\/deccore.com.br\/loja\/product\/aparador-piton-novidade-deccore\/","title":{"rendered":"APARADOR P\u00cdTON &#8211; PRONTA ENTREGA."},"content":{"rendered":"","protected":false},"excerpt":{"rendered":"<div>\n<p>O Aparador P\u00cdTON, cria\u00e7\u00e3o da designer Larissa Diegoli \u00e9 um dos Lan\u00e7amentos da Cole\u00e7\u00e3o 2021 da Tissot Arte e Atitude. Segundo a designer &#8220;ele surgiu com uma proposta leve e fluida, quase sensual onde as linhas seguem um curso sinuoso&#8221;. O conjunto \u00e9 apoiado sobre delicadas hastes em metal. Um outro ponto que Larissa ressalta na sua cria\u00e7\u00e3o \u00e9 que &#8220;h\u00e1 sobre o tampo um detalhe em laca que pode tamb\u00e9m ser de pedra, de formato org\u00e2nico junto com uma caixa redonda faz as vezes de gaveta que finaliza e complementa essa proposta cheia de detalhes&#8221;.<\/p>\n<p>&#8220;Cada escolha faz a diferen\u00e7a!&#8221;<\/p>\n<h4 class=\"elementor-author-box__name\">Larissa Diegoli<\/h4>\n<\/div>\n<div class=\"elementor-author-box__bio\">Arquiteta por forma\u00e7\u00e3o e p\u00f3s-graduada em Marketing, Larissa traz no tra\u00e7o muito do que vivencia na arquitetura. Brincar com a volumetria \u00e9 algo que sempre a fascinou, assim como experimentar materiais inusitados e extrair deles o que tem de melhor. Sua experi\u00eancia com arquitetura de interiores foi fundamental para delinear seu caminho como designer. \u201cN\u00e3o consigo pensar em um espa\u00e7o arquitet\u00f4nico sem imaginar as pe\u00e7as que v\u00e3o comp\u00f4-lo e, da mesma forma, quando crio uma pe\u00e7a, j\u00e1 imagino todo o seu contexto\u201d. H\u00e1 26 anos atua na cria\u00e7\u00e3o de projetos autorais, inserida no mercado de alta decora\u00e7\u00e3o.<\/div>\n","protected":false},"featured_media":6883,"template":"","meta":[],"product_brand":[],"product_cat":[68],"product_tag":[],"class_list":{"0":"post-6882","1":"product","2":"type-product","3":"status-publish","4":"has-post-thumbnail","6":"product_cat-aparador","8":"first","9":"instock","10":"shipping-taxable","11":"product-type-simple"},"_links":{"self":[{"href":"https:\/\/deccore.com.br\/loja\/wp-json\/wp\/v2\/product\/6882","targetHints":{"allow":["GET"]}}],"collection":[{"href":"https:\/\/deccore.com.br\/loja\/wp-json\/wp\/v2\/product"}],"about":[{"href":"https:\/\/deccore.com.br\/loja\/wp-json\/wp\/v2\/types\/product"}],"version-history":[{"count":6,"href":"https:\/\/deccore.com.br\/loja\/wp-json\/wp\/v2\/product\/6882\/revisions"}],"predecessor-version":[{"id":9323,"href":"https:\/\/deccore.com.br\/loja\/wp-json\/wp\/v2\/product\/6882\/revisions\/9323"}],"wp:featuredmedia":[{"embeddable":true,"href":"https:\/\/deccore.com.br\/loja\/wp-json\/wp\/v2\/media\/6883"}],"wp:attachment":[{"href":"https:\/\/deccore.com.br\/loja\/wp-json\/wp\/v2\/media?parent=6882"}],"wp:term":[{"taxonomy":"product_brand","embeddable":true,"href":"https:\/\/deccore.com.br\/loja\/wp-json\/wp\/v2\/product_brand?post=6882"},{"taxonomy":"product_cat","embeddable":true,"href":"https:\/\/deccore.com.br\/loja\/wp-json\/wp\/v2\/product_cat?post=6882"},{"taxonomy":"product_tag","embeddable":true,"href":"https:\/\/deccore.com.br\/loja\/wp-json\/wp\/v2\/product_tag?post=6882"}],"curies":[{"name":"wp","href":"https:\/\/api.w.org\/{rel}","templated":true}]}}