{"id":6917,"date":"2021-06-22T19:07:42","date_gmt":"2021-06-22T19:07:42","guid":{"rendered":"https:\/\/deccore.com.br\/loja\/?post_type=product&#038;p=6917"},"modified":"2021-06-22T19:21:13","modified_gmt":"2021-06-22T19:21:13","slug":"fernando-zanardi-designer","status":"publish","type":"product","link":"https:\/\/deccore.com.br\/loja\/product\/fernando-zanardi-designer\/","title":{"rendered":"FERNANDO ZANARDI &#8211; DESIGNER"},"content":{"rendered":"","protected":false},"excerpt":{"rendered":"<p>Natural de Santa Catarina, Fernando Zanardi cresceu em meio \u00e0 produ\u00e7\u00e3o<br \/>\nartesanal. Desde cedo teve bons exemplos, com a m\u00e3e artes\u00e3 aprendeu a<br \/>\nviver de modo mais criativo, j\u00e1 com o av\u00f4 teve no\u00e7\u00f5es b\u00e1sicas de<br \/>\nmarcenaria, assim, adquiriu intimidade com alguns maquin\u00e1rios e processos<br \/>\nde produ\u00e7\u00e3o na medida em que confeccionava seus pr\u00f3prios brinquedos. Posteriormente, estudou design de produtos na Universidade do Oeste de<br \/>\nSanta Catarina na qual se especializou em design de interiores.<br \/>\nEntre as caracter\u00edsticas mais marcantes de suas cria\u00e7\u00f5es est\u00e1 a linha<br \/>\norg\u00e2nica, com tra\u00e7os contempor\u00e2neos que expressam movimento e<br \/>\nsimplicidade. A aplica\u00e7\u00e3o de novos materiais e tecnologias de produ\u00e7\u00e3o<br \/>\nagrega aos seus produtos caracter\u00edsticas \u00fanicas e formas geometricamente<br \/>\ndesafiadoras, atingindo o equil\u00edbrio entre criatividade e funcionalidade.<\/p>\n","protected":false},"featured_media":6918,"template":"","meta":[],"product_brand":[],"product_cat":[15],"product_tag":[],"class_list":{"0":"post-6917","1":"product","2":"type-product","3":"status-publish","4":"has-post-thumbnail","6":"product_cat-uncategorized","8":"first","9":"instock","10":"shipping-taxable","11":"product-type-simple"},"_links":{"self":[{"href":"https:\/\/deccore.com.br\/loja\/wp-json\/wp\/v2\/product\/6917","targetHints":{"allow":["GET"]}}],"collection":[{"href":"https:\/\/deccore.com.br\/loja\/wp-json\/wp\/v2\/product"}],"about":[{"href":"https:\/\/deccore.com.br\/loja\/wp-json\/wp\/v2\/types\/product"}],"version-history":[{"count":1,"href":"https:\/\/deccore.com.br\/loja\/wp-json\/wp\/v2\/product\/6917\/revisions"}],"predecessor-version":[{"id":6919,"href":"https:\/\/deccore.com.br\/loja\/wp-json\/wp\/v2\/product\/6917\/revisions\/6919"}],"wp:featuredmedia":[{"embeddable":true,"href":"https:\/\/deccore.com.br\/loja\/wp-json\/wp\/v2\/media\/6918"}],"wp:attachment":[{"href":"https:\/\/deccore.com.br\/loja\/wp-json\/wp\/v2\/media?parent=6917"}],"wp:term":[{"taxonomy":"product_brand","embeddable":true,"href":"https:\/\/deccore.com.br\/loja\/wp-json\/wp\/v2\/product_brand?post=6917"},{"taxonomy":"product_cat","embeddable":true,"href":"https:\/\/deccore.com.br\/loja\/wp-json\/wp\/v2\/product_cat?post=6917"},{"taxonomy":"product_tag","embeddable":true,"href":"https:\/\/deccore.com.br\/loja\/wp-json\/wp\/v2\/product_tag?post=6917"}],"curies":[{"name":"wp","href":"https:\/\/api.w.org\/{rel}","templated":true}]}}