{"id":6951,"date":"2021-07-07T19:32:36","date_gmt":"2021-07-07T19:32:36","guid":{"rendered":"https:\/\/deccore.com.br\/loja\/?post_type=product&#038;p=6951"},"modified":"2024-10-22T18:50:24","modified_gmt":"2024-10-22T18:50:24","slug":"poltrona-bell","status":"publish","type":"product","link":"https:\/\/deccore.com.br\/loja\/product\/poltrona-bell\/","title":{"rendered":"POLTRONA BELL &#8211; B.D.G &#8211; ENCOMENDA"},"content":{"rendered":"","protected":false},"excerpt":{"rendered":"<p>Uma poltrona pode dar up em sua decora\u00e7\u00e3o! Essa pe\u00e7a \u00e9 a perfeita uni\u00e3o entre o moderno e o cl\u00e1ssico.<\/p>\n","protected":false},"featured_media":6952,"template":"","meta":[],"product_brand":[],"product_cat":[64],"product_tag":[],"class_list":{"0":"post-6951","1":"product","2":"type-product","3":"status-publish","4":"has-post-thumbnail","6":"product_cat-poltronas","8":"first","9":"onbackorder","10":"shipping-taxable","11":"product-type-simple"},"_links":{"self":[{"href":"https:\/\/deccore.com.br\/loja\/wp-json\/wp\/v2\/product\/6951","targetHints":{"allow":["GET"]}}],"collection":[{"href":"https:\/\/deccore.com.br\/loja\/wp-json\/wp\/v2\/product"}],"about":[{"href":"https:\/\/deccore.com.br\/loja\/wp-json\/wp\/v2\/types\/product"}],"version-history":[{"count":3,"href":"https:\/\/deccore.com.br\/loja\/wp-json\/wp\/v2\/product\/6951\/revisions"}],"predecessor-version":[{"id":15713,"href":"https:\/\/deccore.com.br\/loja\/wp-json\/wp\/v2\/product\/6951\/revisions\/15713"}],"wp:featuredmedia":[{"embeddable":true,"href":"https:\/\/deccore.com.br\/loja\/wp-json\/wp\/v2\/media\/6952"}],"wp:attachment":[{"href":"https:\/\/deccore.com.br\/loja\/wp-json\/wp\/v2\/media?parent=6951"}],"wp:term":[{"taxonomy":"product_brand","embeddable":true,"href":"https:\/\/deccore.com.br\/loja\/wp-json\/wp\/v2\/product_brand?post=6951"},{"taxonomy":"product_cat","embeddable":true,"href":"https:\/\/deccore.com.br\/loja\/wp-json\/wp\/v2\/product_cat?post=6951"},{"taxonomy":"product_tag","embeddable":true,"href":"https:\/\/deccore.com.br\/loja\/wp-json\/wp\/v2\/product_tag?post=6951"}],"curies":[{"name":"wp","href":"https:\/\/api.w.org\/{rel}","templated":true}]}}