{"id":6989,"date":"2021-07-13T17:25:28","date_gmt":"2021-07-13T17:25:28","guid":{"rendered":"https:\/\/deccore.com.br\/loja\/?post_type=product&#038;p=6989"},"modified":"2021-07-13T17:25:28","modified_gmt":"2021-07-13T17:25:28","slug":"arthur-casas-arquiteto","status":"publish","type":"product","link":"https:\/\/deccore.com.br\/loja\/product\/arthur-casas-arquiteto\/","title":{"rendered":"ARTHUR CASAS &#8211; ARQUITETO"},"content":{"rendered":"","protected":false},"excerpt":{"rendered":"<p>O arquiteto Arthur Casas \u00e9 considerado um dos \u00edcones da arquitetura nacional e internacional. Suas Obras gaanharam destaque de S\u00e3o Paulo a T\u00f3quio, passando por Paris e Nova York.<\/p>\n<p>Formado em arquitetura e Urbanismo pela universidade Mackenzie de S\u00e3o Paulo, Arthur Casas trabalha com projetos de arquitetura e interiores, utilizando formas limpas e harm\u00f4nicas. Ele considera S\u00e3o Paulo rica em informa\u00e7\u00f5es e um cen\u00e1rio perfeito para a experimenta\u00e7\u00e3o.<\/p>\n","protected":false},"featured_media":6990,"template":"","meta":[],"product_brand":[],"product_cat":[15],"product_tag":[],"class_list":{"0":"post-6989","1":"product","2":"type-product","3":"status-publish","4":"has-post-thumbnail","6":"product_cat-uncategorized","8":"first","9":"instock","10":"shipping-taxable","11":"product-type-simple"},"_links":{"self":[{"href":"https:\/\/deccore.com.br\/loja\/wp-json\/wp\/v2\/product\/6989","targetHints":{"allow":["GET"]}}],"collection":[{"href":"https:\/\/deccore.com.br\/loja\/wp-json\/wp\/v2\/product"}],"about":[{"href":"https:\/\/deccore.com.br\/loja\/wp-json\/wp\/v2\/types\/product"}],"version-history":[{"count":2,"href":"https:\/\/deccore.com.br\/loja\/wp-json\/wp\/v2\/product\/6989\/revisions"}],"predecessor-version":[{"id":6992,"href":"https:\/\/deccore.com.br\/loja\/wp-json\/wp\/v2\/product\/6989\/revisions\/6992"}],"wp:featuredmedia":[{"embeddable":true,"href":"https:\/\/deccore.com.br\/loja\/wp-json\/wp\/v2\/media\/6990"}],"wp:attachment":[{"href":"https:\/\/deccore.com.br\/loja\/wp-json\/wp\/v2\/media?parent=6989"}],"wp:term":[{"taxonomy":"product_brand","embeddable":true,"href":"https:\/\/deccore.com.br\/loja\/wp-json\/wp\/v2\/product_brand?post=6989"},{"taxonomy":"product_cat","embeddable":true,"href":"https:\/\/deccore.com.br\/loja\/wp-json\/wp\/v2\/product_cat?post=6989"},{"taxonomy":"product_tag","embeddable":true,"href":"https:\/\/deccore.com.br\/loja\/wp-json\/wp\/v2\/product_tag?post=6989"}],"curies":[{"name":"wp","href":"https:\/\/api.w.org\/{rel}","templated":true}]}}