{"id":7027,"date":"2021-07-19T17:34:08","date_gmt":"2021-07-19T17:34:08","guid":{"rendered":"https:\/\/deccore.com.br\/loja\/?post_type=product&#038;p=7027"},"modified":"2021-07-19T17:34:08","modified_gmt":"2021-07-19T17:34:08","slug":"pedro-mendes-designer","status":"publish","type":"product","link":"https:\/\/deccore.com.br\/loja\/product\/pedro-mendes-designer\/","title":{"rendered":"PEDRO MENDES &#8211; DESIGNER"},"content":{"rendered":"","protected":false},"excerpt":{"rendered":"<p><strong>Pedro Mendes<\/strong>\u00a0\u00e9 um designer conceituado que ama o que faz, em m\u00e9dia desenvolve de duas a tr\u00eas pe\u00e7as por dia. Tem em sua especialidade o trabalho com m\u00f3veis em madeira, a\u00e7o, acr\u00edlico, vidro e alum\u00ednio s\u00e3o as mat\u00e9rias-primas mais utilizadas em seus projetos.\u00a0<strong>Pedro formou-se em desenho industrial pela Universidade Mackenzie<\/strong>\u00a0e tem um ateli\u00ea em S\u00e3o Paulo. Para ele,\u00a0<strong>design \u00e9 uma quest\u00e3o de educa\u00e7\u00e3o e cultura<\/strong>. \u201cNo Brasil, temos um n\u00edvel bom, mas precisamos aumentar o p\u00fablico consumidor\u201d, afirma Pedro que sempre gostou de desenhar, muito perfeccionista, atento aos detalhes, seus projetos impec\u00e1veis s\u00e3o modelados primeiro em 3D, em programas como AutoCad, 3Dmax e Solidworks. Pedro Mendes tem seus \u00eddolos e diz \u201cTem muita gente boa desconhecida do grande p\u00fablico, mas admiro Philippe Starck pela produ\u00e7\u00e3o grande e diferenciada, que vai de hot\u00e9is a m\u00f3veis. Gosto do desenho n\u00f3rdico e do trabalho do holand\u00eas Johannes Hansen\u201d, conta Pedro, que, no Brasil, \u00e9 f\u00e3 da arquitetura de Oscar Niemeyer e admira o trabalho de Sergio Fahrer.<\/p>\n<p>&nbsp;<\/p>\n","protected":false},"featured_media":7028,"template":"","meta":[],"product_brand":[],"product_cat":[15],"product_tag":[],"class_list":{"0":"post-7027","1":"product","2":"type-product","3":"status-publish","4":"has-post-thumbnail","6":"product_cat-uncategorized","8":"first","9":"instock","10":"shipping-taxable","11":"product-type-simple"},"_links":{"self":[{"href":"https:\/\/deccore.com.br\/loja\/wp-json\/wp\/v2\/product\/7027","targetHints":{"allow":["GET"]}}],"collection":[{"href":"https:\/\/deccore.com.br\/loja\/wp-json\/wp\/v2\/product"}],"about":[{"href":"https:\/\/deccore.com.br\/loja\/wp-json\/wp\/v2\/types\/product"}],"version-history":[{"count":1,"href":"https:\/\/deccore.com.br\/loja\/wp-json\/wp\/v2\/product\/7027\/revisions"}],"predecessor-version":[{"id":7029,"href":"https:\/\/deccore.com.br\/loja\/wp-json\/wp\/v2\/product\/7027\/revisions\/7029"}],"wp:featuredmedia":[{"embeddable":true,"href":"https:\/\/deccore.com.br\/loja\/wp-json\/wp\/v2\/media\/7028"}],"wp:attachment":[{"href":"https:\/\/deccore.com.br\/loja\/wp-json\/wp\/v2\/media?parent=7027"}],"wp:term":[{"taxonomy":"product_brand","embeddable":true,"href":"https:\/\/deccore.com.br\/loja\/wp-json\/wp\/v2\/product_brand?post=7027"},{"taxonomy":"product_cat","embeddable":true,"href":"https:\/\/deccore.com.br\/loja\/wp-json\/wp\/v2\/product_cat?post=7027"},{"taxonomy":"product_tag","embeddable":true,"href":"https:\/\/deccore.com.br\/loja\/wp-json\/wp\/v2\/product_tag?post=7027"}],"curies":[{"name":"wp","href":"https:\/\/api.w.org\/{rel}","templated":true}]}}