{"id":7037,"date":"2021-07-20T13:41:27","date_gmt":"2021-07-20T13:41:27","guid":{"rendered":"https:\/\/deccore.com.br\/loja\/?post_type=product&#038;p=7037"},"modified":"2025-11-24T15:07:29","modified_gmt":"2025-11-24T15:07:29","slug":"mesa-de-centro-folha-theo-egami-designer","status":"publish","type":"product","link":"https:\/\/deccore.com.br\/loja\/product\/mesa-de-centro-folha-theo-egami-designer\/","title":{"rendered":"MESA CENTRO FOLHA &#8211; THEO EGAMI &#8211; DESIGNER &#8211; 22203 &#8211; T.S.S-PRONTA ENTREGA"},"content":{"rendered":"","protected":false},"excerpt":{"rendered":"<div>\n<h4 class=\"elementor-author-box__name\">Theo Egami<\/h4>\n<\/div>\n<div class=\"elementor-author-box__bio\">Partindo da premissa de Bruno Munari, que design \u00e9 refer\u00eancia + fantasia, o designer Theo Egami possui em sua forma\u00e7\u00e3o o desenvolvimento de projetos desde designers cl\u00e1ssicos como: Lasar Segall e Gregori Warchavchik at\u00e9 designers contempor\u00e2neos como Arthur Casas e Cl\u00e1udia Moreira Sales.<\/div>\n<p>OP\u00c7\u00d5ES DE ACABAMENTOS.<\/p>\n<p>MEDIDAS: 1.80 X 0.90 X 0.30<\/p>\n","protected":false},"featured_media":7038,"template":"","meta":[],"product_brand":[],"product_cat":[76],"product_tag":[],"class_list":{"0":"post-7037","1":"product","2":"type-product","3":"status-publish","4":"has-post-thumbnail","6":"product_cat-mesa-centro","8":"first","9":"instock","10":"shipping-taxable","11":"product-type-simple"},"_links":{"self":[{"href":"https:\/\/deccore.com.br\/loja\/wp-json\/wp\/v2\/product\/7037","targetHints":{"allow":["GET"]}}],"collection":[{"href":"https:\/\/deccore.com.br\/loja\/wp-json\/wp\/v2\/product"}],"about":[{"href":"https:\/\/deccore.com.br\/loja\/wp-json\/wp\/v2\/types\/product"}],"version-history":[{"count":6,"href":"https:\/\/deccore.com.br\/loja\/wp-json\/wp\/v2\/product\/7037\/revisions"}],"predecessor-version":[{"id":16063,"href":"https:\/\/deccore.com.br\/loja\/wp-json\/wp\/v2\/product\/7037\/revisions\/16063"}],"wp:featuredmedia":[{"embeddable":true,"href":"https:\/\/deccore.com.br\/loja\/wp-json\/wp\/v2\/media\/7038"}],"wp:attachment":[{"href":"https:\/\/deccore.com.br\/loja\/wp-json\/wp\/v2\/media?parent=7037"}],"wp:term":[{"taxonomy":"product_brand","embeddable":true,"href":"https:\/\/deccore.com.br\/loja\/wp-json\/wp\/v2\/product_brand?post=7037"},{"taxonomy":"product_cat","embeddable":true,"href":"https:\/\/deccore.com.br\/loja\/wp-json\/wp\/v2\/product_cat?post=7037"},{"taxonomy":"product_tag","embeddable":true,"href":"https:\/\/deccore.com.br\/loja\/wp-json\/wp\/v2\/product_tag?post=7037"}],"curies":[{"name":"wp","href":"https:\/\/api.w.org\/{rel}","templated":true}]}}