{"id":7098,"date":"2021-07-22T13:20:11","date_gmt":"2021-07-22T13:20:11","guid":{"rendered":"https:\/\/deccore.com.br\/loja\/?post_type=product&#038;p=7098"},"modified":"2021-07-22T13:20:11","modified_gmt":"2021-07-22T13:20:11","slug":"le-corbusier-arquiteto","status":"publish","type":"product","link":"https:\/\/deccore.com.br\/loja\/product\/le-corbusier-arquiteto\/","title":{"rendered":"LE CORBUSIER &#8211; ARQUITETO"},"content":{"rendered":"","protected":false},"excerpt":{"rendered":"<div class=\"wDYxhc\" lang=\"pt-BR\" data-md=\"50\" data-hveid=\"CBQQAA\" data-ved=\"2ahUKEwjT3sOD4PbxAhUzp5UCHeIZD5cQkCkwJXoECBQQAA\">\n<div class=\"PZPZlf hb8SAc\" data-attrid=\"description\" data-hveid=\"CBQQAQ\" data-ved=\"2ahUKEwjT3sOD4PbxAhUzp5UCHeIZD5cQziAoADAlegQIFBAB\">\n<div>\n<div class=\"kno-rdesc\">Charles-Edouard Jeanneret-Gris, mais conhecido pelo pseud\u00f3nimo de Le Corbusier, foi um arquiteto, urbanista, escultor e pintor de origem su\u00ed\u00e7a e naturalizado franc\u00eas em 1930. \u00c9 considerado, juntamente com Frank Lloyd Wright, Alvar Aalto e Mies van der Rohe um dos mais importantes arquitectos do s\u00e9culo XX.\u00a0<a class=\"ruhjFe NJLBac fl\" href=\"https:\/\/pt.wikipedia.org\/wiki\/Le_Corbusier\" data-ved=\"2ahUKEwjT3sOD4PbxAhUzp5UCHeIZD5cQmhMwJXoECBQQAg\">Wikip\u00e9dia<\/a><\/div>\n<\/div>\n<\/div>\n<\/div>\n<div class=\"wDYxhc\" lang=\"pt-BR\" data-attrid=\"kc:\/people\/person:born\" data-md=\"1001\" data-hveid=\"CBUQAA\" data-ved=\"2ahUKEwjT3sOD4PbxAhUzp5UCHeIZD5cQkCkwJnoECBUQAA\">\n<div class=\"Z1hOCe\">\n<div class=\"zloOqf PZPZlf\" data-ved=\"2ahUKEwjT3sOD4PbxAhUzp5UCHeIZD5cQyxMoADAmegQIFRAB\">\n<div class=\"rVusze\"><span class=\"GRkHZd w8qArf\"><a class=\"fl\" href=\"https:\/\/www.google.com\/search?sa=X&amp;hl=pt-BR&amp;sxsrf=ALeKk01Jcf6evdYjPOtetuHrFzbK30eTxw:1626959388938&amp;q=le+corbusier+nascimento&amp;stick=H4sIAAAAAAAAAOPgE-LQz9U3MMmqzNISy0620i9IzS_ISQVSRcX5eVZJ-UV5i1jFc1IVkvOLkkqLM1OLFPISi5Mzc1PzSvIBNf0lcz4AAAA&amp;ved=2ahUKEwjT3sOD4PbxAhUzp5UCHeIZD5cQ6BMoADAmegQIFRAC\" data-ved=\"2ahUKEwjT3sOD4PbxAhUzp5UCHeIZD5cQ6BMoADAmegQIFRAC\">Nascimento<\/a>:\u00a0<\/span><span class=\"Eq0J8 LrzXr kno-fv\">6 de outubro de 1887,\u00a0<a class=\"fl\" href=\"https:\/\/www.google.com\/search?sa=X&amp;hl=pt-BR&amp;sxsrf=ALeKk01Jcf6evdYjPOtetuHrFzbK30eTxw:1626959388938&amp;q=La+Chaux-de-Fonds&amp;stick=H4sIAAAAAAAAAOPgE-LQz9U3MMmqzFLiBLFMs5OrDLTEspOt9AtS8wtyUoFUUXF-nlVSflHeIlZBn0QF54zE0grdlFRdt_y8lOIdrIwAjSOatkYAAAA&amp;ved=2ahUKEwjT3sOD4PbxAhUzp5UCHeIZD5cQmxMoATAmegQIFRAD\" data-ved=\"2ahUKEwjT3sOD4PbxAhUzp5UCHeIZD5cQmxMoATAmegQIFRAD\">La Chaux-de-Fonds, Su\u00ed\u00e7a<\/a><\/span><\/div>\n<\/div>\n<\/div>\n<\/div>\n<div class=\"wDYxhc\" lang=\"pt-BR\" data-attrid=\"kc:\/people\/deceased_person:died\" data-md=\"1001\" data-hveid=\"CBoQAA\" data-ved=\"2ahUKEwjT3sOD4PbxAhUzp5UCHeIZD5cQkCkwJ3oECBoQAA\">\n<div class=\"Z1hOCe\">\n<div class=\"zloOqf PZPZlf\" data-ved=\"2ahUKEwjT3sOD4PbxAhUzp5UCHeIZD5cQyxMoADAnegQIGhAB\">\n<div class=\"rVusze\"><span class=\"GRkHZd w8qArf\"><a class=\"fl\" href=\"https:\/\/www.google.com\/search?sa=X&amp;hl=pt-BR&amp;sxsrf=ALeKk01Jcf6evdYjPOtetuHrFzbK30eTxw:1626959388938&amp;q=le+corbusier+falecimento&amp;stick=H4sIAAAAAAAAAOPgE-LQz9U3MMmqzNKSz0620i9IzS_ISdVPSU1OTSxOTYkvSC0qzs-zSslMTVnEKpGTqpCcX5RUWpyZWqSQlpiTmpyZm5pXkg8AIPYZq0gAAAA&amp;ved=2ahUKEwjT3sOD4PbxAhUzp5UCHeIZD5cQ6BMoADAnegQIGhAC\" data-ved=\"2ahUKEwjT3sOD4PbxAhUzp5UCHeIZD5cQ6BMoADAnegQIGhAC\">Falecimento<\/a>:\u00a0<\/span><span class=\"Eq0J8 LrzXr kno-fv\">27 de agosto de 1965,\u00a0<a class=\"fl\" href=\"https:\/\/www.google.com\/search?sa=X&amp;hl=pt-BR&amp;sxsrf=ALeKk01Jcf6evdYjPOtetuHrFzbK30eTxw:1626959388938&amp;q=Roquebrune-Cap-Martin&amp;stick=H4sIAAAAAAAAAOPgE-LQz9U3MMmqzFLiBLMyzAqyteSzk630C1LzC3JS9VNSk1MTi1NT4gtSi4rz86xSMlNTFrGKBuUXlqYmFZXmpeo6Jxbo-iYWlWTm7WBlBACYwR1eUwAAAA&amp;ved=2ahUKEwjT3sOD4PbxAhUzp5UCHeIZD5cQmxMoATAnegQIGhAD\" data-ved=\"2ahUKEwjT3sOD4PbxAhUzp5UCHeIZD5cQmxMoATAnegQIGhAD\">Roquebrune-Cap-Martin, Fran\u00e7a<\/a><\/span><\/div>\n<\/div>\n<\/div>\n<\/div>\n<div class=\"wDYxhc\" lang=\"pt-BR\" data-attrid=\"kc:\/visual_art\/visual_artist:works\" data-md=\"1001\" data-hveid=\"CCAQAA\" data-ved=\"2ahUKEwjT3sOD4PbxAhUzp5UCHeIZD5cQkCkwKHoECCAQAA\">\n<div class=\"Z1hOCe\">\n<div class=\"zloOqf PZPZlf\" data-ved=\"2ahUKEwjT3sOD4PbxAhUzp5UCHeIZD5cQyxMoADAoegQIIBAB\">\n<div class=\"rVusze\"><span class=\"GRkHZd w8qArf\"><a class=\"fl\" href=\"https:\/\/www.google.com\/search?sa=X&amp;hl=pt-BR&amp;sxsrf=ALeKk01Jcf6evdYjPOtetuHrFzbK30eTxw:1626959388938&amp;q=le+corbusier+obras+de+arte&amp;stick=H4sIAAAAAAAAAOPgE-LQz9U3MMmqzNJSyk620i_LLC5NzIlPLCpBYmYWl1iV5xdlFy9ilcpJVUjOL0oqLc5MLVLITypKLFZISVUAKkoFAI5xHmdNAAAA&amp;ved=2ahUKEwjT3sOD4PbxAhUzp5UCHeIZD5cQ6BMoADAoegQIIBAC\" data-ved=\"2ahUKEwjT3sOD4PbxAhUzp5UCHeIZD5cQ6BMoADAoegQIIBAC\">Obras de arte<\/a>:\u00a0<\/span><span class=\"Eq0J8 LrzXr kno-fv\"><a class=\"fl\" href=\"https:\/\/www.google.com\/search?sa=X&amp;hl=pt-BR&amp;sxsrf=ALeKk01Jcf6evdYjPOtetuHrFzbK30eTxw:1626959388938&amp;q=le+corbusier+taureau&amp;stick=H4sIAAAAAAAAAOPgE-LQz9U3MMmqzFLi1U_XNzRMNi5JzzJKM9dSyk620i_LLC5NzIlPLCpBYmYWl1iV5xdlFy9iFclJVUjOL0oqLc5MLVIoSSwtSk0s3cHKCABN2qCiWQAAAA&amp;ved=2ahUKEwjT3sOD4PbxAhUzp5UCHeIZD5cQmxMoATAoegQIIBAD\" data-ved=\"2ahUKEwjT3sOD4PbxAhUzp5UCHeIZD5cQmxMoATAoegQIIBAD\">Taureau<\/a>,\u00a0<a class=\"fl\" href=\"https:\/\/www.google.com\/search?sa=X&amp;hl=pt-BR&amp;sxsrf=ALeKk01Jcf6evdYjPOtetuHrFzbK30eTxw:1626959388938&amp;q=le+corbusier+panurge&amp;stick=H4sIAAAAAAAAAOPgE-LQz9U3MMmqzFLi1U_XNzRMzi5JL89OMtNSyk620i_LLC5NzIlPLCpBYmYWl1iV5xdlFy9iFclJVUjOL0oqLc5MLVIoSMwrLUpP3cHKCACzr1zgWQAAAA&amp;ved=2ahUKEwjT3sOD4PbxAhUzp5UCHeIZD5cQmxMoAjAoegQIIBAE\" data-ved=\"2ahUKEwjT3sOD4PbxAhUzp5UCHeIZD5cQmxMoAjAoegQIIBAE\">Panurge<\/a>,\u00a0<a class=\"fl\" href=\"https:\/\/www.google.com\/search?sa=X&amp;hl=pt-BR&amp;sxsrf=ALeKk01Jcf6evdYjPOtetuHrFzbK30eTxw:1626959388938&amp;q=le+corbusier+la+p%C3%AAcheuse+d%27huitres&amp;stick=H4sIAAAAAAAAAOPgE-LQz9U3MMmqzFLi1U_XNzRMNi5JN0zJrtRSyk620i_LLC5NzIlPLCpBYmYWl1iV5xdlFy9iVc5JVUjOL0oqLc5MLVLISVQoOLwqOSO1tDhVIUU9ozSzpCi1eAcrIwBdqqqYaAAAAA&amp;ved=2ahUKEwjT3sOD4PbxAhUzp5UCHeIZD5cQmxMoAzAoegQIIBAF\" data-ved=\"2ahUKEwjT3sOD4PbxAhUzp5UCHeIZD5cQmxMoAzAoegQIIBAF\">La p\u00eacheuse d&#8217;huitres<\/a>,\u00a0<a class=\"fl\" href=\"https:\/\/www.google.com\/search?sa=X&amp;hl=pt-BR&amp;sxsrf=ALeKk01Jcf6evdYjPOtetuHrFzbK30eTxw:1626959388938&amp;q=le+corbusier+obras+de+arte&amp;stick=H4sIAAAAAAAAAOPgE-LQz9U3MMmqzNJSyk620i_LLC5NzIlPLCpBYmYWl1iV5xdlFy9ilcpJVUjOL0oqLc5MLVLITypKLFZISVUAKkoFAI5xHmdNAAAA&amp;ved=2ahUKEwjT3sOD4PbxAhUzp5UCHeIZD5cQ44YBKAQwKHoECCAQBg\"><span class=\"SW5pqf\">MAIS<\/span><\/a><\/span><\/div>\n<\/div>\n<\/div>\n<\/div>\n<div class=\"wDYxhc\" lang=\"pt-BR\" data-attrid=\"kc:\/visual_art\/visual_artist:on_view\" data-md=\"1001\" data-hveid=\"CCIQAA\" data-ved=\"2ahUKEwjT3sOD4PbxAhUzp5UCHeIZD5cQkCkwKXoECCIQAA\">\n<div class=\"Z1hOCe\">\n<div class=\"zloOqf PZPZlf\" data-ved=\"2ahUKEwjT3sOD4PbxAhUzp5UCHeIZD5cQyxMoADApegQIIhAB\">\n<div class=\"rVusze\"><span class=\"GRkHZd w8qArf\"><a class=\"fl\" href=\"https:\/\/www.google.com\/search?sa=X&amp;hl=pt-BR&amp;sxsrf=ALeKk01Jcf6evdYjPOtetuHrFzbK30eTxw:1626959388938&amp;q=le+corbusier+em+exibi%C3%A7%C3%A3o&amp;stick=H4sIAAAAAAAAAOPgE-LQz9U3MMmqzNJSyU620i_LLC5NzIlPLCpBYmYWl1jl58WXZaaWL2KVyklVSM4vSiotzkwtUkjNVUityEzKPLz88OJ8AKa_ZvVPAAAA&amp;ved=2ahUKEwjT3sOD4PbxAhUzp5UCHeIZD5cQ6BMoADApegQIIhAC\" data-ved=\"2ahUKEwjT3sOD4PbxAhUzp5UCHeIZD5cQ6BMoADApegQIIhAC\">Em exibi\u00e7\u00e3o<\/a>:\u00a0<\/span><span class=\"Eq0J8 LrzXr kno-fv\"><a class=\"fl\" href=\"https:\/\/www.google.com\/search?sa=X&amp;hl=pt-BR&amp;sxsrf=ALeKk01Jcf6evdYjPOtetuHrFzbK30eTxw:1626959388938&amp;q=Museu+de+Arte+Moderna+de+S%C3%A3o+Francisco&amp;stick=H4sIAAAAAAAAAOPgE-LQz9U3MMmqzFLiBLEMjeINS7RUspOt9Msyi0sTc-ITi0qQmJnFJVb5efFlmanli1jVfUuLU0sVUlIVHItKUhV881NSi_ISQfzgw4vzFdyKEvOSM4uT83ewMgIAk5Hyq2oAAAA&amp;ved=2ahUKEwjT3sOD4PbxAhUzp5UCHeIZD5cQmxMoATApegQIIhAD\" data-ved=\"2ahUKEwjT3sOD4PbxAhUzp5UCHeIZD5cQmxMoATApegQIIhAD\">Museu de Arte Moderna de S\u00e3o Francisco<\/a>,\u00a0<a class=\"fl\" href=\"https:\/\/www.google.com\/search?sa=X&amp;hl=pt-BR&amp;sxsrf=ALeKk01Jcf6evdYjPOtetuHrFzbK30eTxw:1626959388938&amp;q=le+corbusier+em+exibi%C3%A7%C3%A3o&amp;stick=H4sIAAAAAAAAAOPgE-LQz9U3MMmqzNJSyU620i_LLC5NzIlPLCpBYmYWl1jl58WXZaaWL2KVyklVSM4vSiotzkwtUkjNVUityEzKPLz88OJ8AKa_ZvVPAAAA&amp;ved=2ahUKEwjT3sOD4PbxAhUzp5UCHeIZD5cQ44YBKAIwKXoECCIQBA\"><span class=\"SW5pqf\">MAIS<\/span><\/a><\/span><\/div>\n<\/div>\n<\/div>\n<\/div>\n<div class=\"wDYxhc\" lang=\"pt-BR\" data-attrid=\"kc:\/people\/person:spouse\" data-md=\"1001\" data-hveid=\"CB4QAA\" data-ved=\"2ahUKEwjT3sOD4PbxAhUzp5UCHeIZD5cQkCkwKnoECB4QAA\">\n<div class=\"Z1hOCe\">\n<div class=\"zloOqf PZPZlf\" data-ved=\"2ahUKEwjT3sOD4PbxAhUzp5UCHeIZD5cQyxMoADAqegQIHhAB\">\n<div class=\"rVusze\"><span class=\"GRkHZd w8qArf\"><a class=\"fl\" href=\"https:\/\/www.google.com\/search?sa=X&amp;hl=pt-BR&amp;sxsrf=ALeKk01Jcf6evdYjPOtetuHrFzbK30eTxw:1626959388938&amp;q=le+corbusier+c%C3%B4njuge&amp;stick=H4sIAAAAAAAAAOPgE-LQz9U3MMmqzNKSyE620i9IzS_ISQVSRcX5eVbFBfmlxamLWEVzUhWS84uSSoszU4sUkg9vycsqTU8FABigSZs-AAAA&amp;ved=2ahUKEwjT3sOD4PbxAhUzp5UCHeIZD5cQ6BMoADAqegQIHhAC\" data-ved=\"2ahUKEwjT3sOD4PbxAhUzp5UCHeIZD5cQ6BMoADAqegQIHhAC\">C\u00f4njuge<\/a>:\u00a0<\/span><span class=\"Eq0J8 LrzXr kno-fv\"><a class=\"fl\" href=\"https:\/\/www.google.com\/search?sa=X&amp;hl=pt-BR&amp;sxsrf=ALeKk01Jcf6evdYjPOtetuHrFzbK30eTxw:1626959388938&amp;q=yvonne+gallis&amp;stick=H4sIAAAAAAAAAOPgE-LQz9U3MMmqzFLiArEKqzLKCyq1JLKTrfQLUvMLclKBVFFxfp5VcUF-aXHqIlbeyrL8vLxUhfTEnJzM4h2sjADNwWg8RQAAAA&amp;ved=2ahUKEwjT3sOD4PbxAhUzp5UCHeIZD5cQmxMoATAqegQIHhAD\" data-ved=\"2ahUKEwjT3sOD4PbxAhUzp5UCHeIZD5cQmxMoATAqegQIHhAD\">Yvonne Gallis<\/a>\u00a0(de 1930 a 1957)<\/span><\/div>\n<\/div>\n<\/div>\n<\/div>\n<div class=\"wDYxhc\" lang=\"pt-BR\" data-attrid=\"kc:\/book\/author:books only\" data-md=\"1001\" data-hveid=\"CBkQAA\" data-ved=\"2ahUKEwjT3sOD4PbxAhUzp5UCHeIZD5cQkCkwK3oECBkQAA\">\n<div class=\"Z1hOCe\">\n<div class=\"zloOqf PZPZlf\" data-ved=\"2ahUKEwjT3sOD4PbxAhUzp5UCHeIZD5cQyxMoADAregQIGRAB\">\n<div class=\"rVusze\"><span class=\"GRkHZd w8qArf\"><a class=\"fl\" href=\"https:\/\/www.google.com\/search?sa=X&amp;hl=pt-BR&amp;sxsrf=ALeKk01Jcf6evdYjPOtetuHrFzbK30eTxw:1626959388938&amp;q=le+corbusier+livros&amp;stick=H4sIAAAAAAAAAOPgE-LQz9U3MMmqzNKSyk620k_Kz8_WTywtycgvsgKxixXy83IqF7EK56QqJOcXJZUWZ6YWKeRklhXlFwMAfpKPTz4AAAA&amp;ved=2ahUKEwjT3sOD4PbxAhUzp5UCHeIZD5cQ6BMoADAregQIGRAC\" data-ved=\"2ahUKEwjT3sOD4PbxAhUzp5UCHeIZD5cQ6BMoADAregQIGRAC\">Livros<\/a>:\u00a0<\/span><span class=\"Eq0J8 LrzXr kno-fv\"><a class=\"fl\" href=\"https:\/\/www.google.com\/search?sa=X&amp;hl=pt-BR&amp;sxsrf=ALeKk01Jcf6evdYjPOtetuHrFzbK30eTxw:1626959388938&amp;q=Vers+une+architecture&amp;stick=H4sIAAAAAAAAAOPgE-LQz9U3MMmqzFLiArGM84oMc_O0pLKTrfST8vOz9RNLSzLyi6xA7GKF_LycykWsomGpRcUKpXmpColFyRmZJanJJaVFqTtYGQFYoCz9TwAAAA&amp;ved=2ahUKEwjT3sOD4PbxAhUzp5UCHeIZD5cQmxMoATAregQIGRAD\" data-ved=\"2ahUKEwjT3sOD4PbxAhUzp5UCHeIZD5cQmxMoATAregQIGRAD\">Vers une architecture<\/a>,\u00a0<a class=\"fl\" href=\"https:\/\/www.google.com\/search?sa=X&amp;hl=pt-BR&amp;sxsrf=ALeKk01Jcf6evdYjPOtetuHrFzbK30eTxw:1626959388938&amp;q=O+Modulor&amp;stick=H4sIAAAAAAAAAOPgE-LQz9U3MMmqzFLiArGSDSuz4gu1pLKTrfST8vOz9RNLSzLyi6xA7GKF_LycykWsnP4KvvkppTn5RTtYGQGrbpZmQwAAAA&amp;ved=2ahUKEwjT3sOD4PbxAhUzp5UCHeIZD5cQmxMoAjAregQIGRAE\" data-ved=\"2ahUKEwjT3sOD4PbxAhUzp5UCHeIZD5cQmxMoAjAregQIGRAE\">O Modulor<\/a>,\u00a0<a class=\"fl\" href=\"https:\/\/www.google.com\/search?sa=X&amp;hl=pt-BR&amp;sxsrf=ALeKk01Jcf6evdYjPOtetuHrFzbK30eTxw:1626959388938&amp;q=A+Viagem+do+Oriente+Le+Corbusier&amp;stick=H4sIAAAAAAAAAOPgE-LQz9U3MMmqzFLi0U_XNzQ0Mc_IqCwp0JLKTrbST8rPz9ZPLC3JyC-yArGLFfLzcioXsSo4KoRlJqan5iqk5Cv4F2Wm5pWkKvikKjjnFyWVFmemFu1gZQQANyCeW1wAAAA&amp;ved=2ahUKEwjT3sOD4PbxAhUzp5UCHeIZD5cQmxMoAzAregQIGRAF\" data-ved=\"2ahUKEwjT3sOD4PbxAhUzp5UCHeIZD5cQmxMoAzAregQIGRAF\">A Viagem do Oriente.<\/a><\/span><\/div>\n<\/div>\n<\/div>\n<\/div>\n","protected":false},"featured_media":7099,"template":"","meta":[],"product_brand":[],"product_cat":[15],"product_tag":[],"class_list":{"0":"post-7098","1":"product","2":"type-product","3":"status-publish","4":"has-post-thumbnail","6":"product_cat-uncategorized","8":"first","9":"instock","10":"shipping-taxable","11":"product-type-simple"},"_links":{"self":[{"href":"https:\/\/deccore.com.br\/loja\/wp-json\/wp\/v2\/product\/7098","targetHints":{"allow":["GET"]}}],"collection":[{"href":"https:\/\/deccore.com.br\/loja\/wp-json\/wp\/v2\/product"}],"about":[{"href":"https:\/\/deccore.com.br\/loja\/wp-json\/wp\/v2\/types\/product"}],"version-history":[{"count":2,"href":"https:\/\/deccore.com.br\/loja\/wp-json\/wp\/v2\/product\/7098\/revisions"}],"predecessor-version":[{"id":7101,"href":"https:\/\/deccore.com.br\/loja\/wp-json\/wp\/v2\/product\/7098\/revisions\/7101"}],"wp:featuredmedia":[{"embeddable":true,"href":"https:\/\/deccore.com.br\/loja\/wp-json\/wp\/v2\/media\/7099"}],"wp:attachment":[{"href":"https:\/\/deccore.com.br\/loja\/wp-json\/wp\/v2\/media?parent=7098"}],"wp:term":[{"taxonomy":"product_brand","embeddable":true,"href":"https:\/\/deccore.com.br\/loja\/wp-json\/wp\/v2\/product_brand?post=7098"},{"taxonomy":"product_cat","embeddable":true,"href":"https:\/\/deccore.com.br\/loja\/wp-json\/wp\/v2\/product_cat?post=7098"},{"taxonomy":"product_tag","embeddable":true,"href":"https:\/\/deccore.com.br\/loja\/wp-json\/wp\/v2\/product_tag?post=7098"}],"curies":[{"name":"wp","href":"https:\/\/api.w.org\/{rel}","templated":true}]}}