{"id":7120,"date":"2021-07-26T15:47:56","date_gmt":"2021-07-26T15:47:56","guid":{"rendered":"https:\/\/deccore.com.br\/loja\/?post_type=product&#038;p=7120"},"modified":"2026-03-24T14:22:00","modified_gmt":"2026-03-24T14:22:00","slug":"aparador-bora-bruno-faucz-designer","status":"publish","type":"product","link":"https:\/\/deccore.com.br\/loja\/product\/aparador-bora-bruno-faucz-designer\/","title":{"rendered":"APARADOR BORA &#8211; BRUNO FAUCZ DESIGNER &#8211;"},"content":{"rendered":"<p>Desenvolvido pelo Designer Bruno Faucz, formado em Design de Mobili\u00e1rio e p\u00f3s graduado em Master Design Internacional, este m\u00f3vel aparador, traduz uma ess\u00eancia moderna e sofisticada.<\/p>\n<p>Feito todo em madeira maci\u00e7a, com detalhes em metal dourado, seus detalhes criam uma composi\u00e7\u00e3o harmoniosa com o ambiente.<\/p>\n","protected":false},"excerpt":{"rendered":"<p>Bruno Faucz &#8211; Designer<\/p>\n<p>Este catarinense nascido em 86 cresceu com um papel e um l\u00e1pis sempre a m\u00e3o, fascinado pelo universo criativo. Formado em Design de Mobili\u00e1rio desde 2007 e p\u00f3s graduado em Master Design Internacional. Vivenciou o design dentro da ind\u00fastria por 7 anos, tempo em que aplicou o design efetivamente dentro de uma vis\u00e3o aplicada a produ\u00e7\u00e3o. Viajou o todo Brasil pesquisando os aspectos ligados ao &#8220;momento de compra&#8221;. Visita eventos nacionais e internacionais para acompanhar tend\u00eancias e direcionamentos de mercado.<\/p>\n","protected":false},"featured_media":7122,"template":"","meta":[],"product_brand":[],"product_cat":[68],"product_tag":[],"class_list":{"0":"post-7120","1":"product","2":"type-product","3":"status-publish","4":"has-post-thumbnail","6":"product_cat-aparador","8":"first","9":"instock","10":"shipping-taxable","11":"product-type-simple"},"_links":{"self":[{"href":"https:\/\/deccore.com.br\/loja\/wp-json\/wp\/v2\/product\/7120","targetHints":{"allow":["GET"]}}],"collection":[{"href":"https:\/\/deccore.com.br\/loja\/wp-json\/wp\/v2\/product"}],"about":[{"href":"https:\/\/deccore.com.br\/loja\/wp-json\/wp\/v2\/types\/product"}],"version-history":[{"count":7,"href":"https:\/\/deccore.com.br\/loja\/wp-json\/wp\/v2\/product\/7120\/revisions"}],"predecessor-version":[{"id":16438,"href":"https:\/\/deccore.com.br\/loja\/wp-json\/wp\/v2\/product\/7120\/revisions\/16438"}],"wp:featuredmedia":[{"embeddable":true,"href":"https:\/\/deccore.com.br\/loja\/wp-json\/wp\/v2\/media\/7122"}],"wp:attachment":[{"href":"https:\/\/deccore.com.br\/loja\/wp-json\/wp\/v2\/media?parent=7120"}],"wp:term":[{"taxonomy":"product_brand","embeddable":true,"href":"https:\/\/deccore.com.br\/loja\/wp-json\/wp\/v2\/product_brand?post=7120"},{"taxonomy":"product_cat","embeddable":true,"href":"https:\/\/deccore.com.br\/loja\/wp-json\/wp\/v2\/product_cat?post=7120"},{"taxonomy":"product_tag","embeddable":true,"href":"https:\/\/deccore.com.br\/loja\/wp-json\/wp\/v2\/product_tag?post=7120"}],"curies":[{"name":"wp","href":"https:\/\/api.w.org\/{rel}","templated":true}]}}