{"id":7128,"date":"2021-07-27T13:32:11","date_gmt":"2021-07-27T13:32:11","guid":{"rendered":"https:\/\/deccore.com.br\/loja\/?post_type=product&#038;p=7128"},"modified":"2025-09-01T15:33:15","modified_gmt":"2025-09-01T15:33:15","slug":"luminaria-circo","status":"publish","type":"product","link":"https:\/\/deccore.com.br\/loja\/product\/luminaria-circo\/","title":{"rendered":"LUMIN\u00c1RIA CIRCO &#8211; 20362 &#8211; PE\u00c7A \u00daNICA"},"content":{"rendered":"","protected":false},"excerpt":{"rendered":"<p>&nbsp;<\/p>\n<p>MEDIDAS: 0.60X1.60<\/p>\n<p>COD. LUM39110<\/p>\n","protected":false},"featured_media":7129,"template":"","meta":[],"product_brand":[],"product_cat":[99,63,166,77],"product_tag":[],"class_list":{"0":"post-7128","1":"product","2":"type-product","3":"status-publish","4":"has-post-thumbnail","6":"product_cat-abajour","7":"product_cat-decoracoes","8":"product_cat-dia-das-maes","9":"product_cat-luminaria","11":"first","12":"instock","13":"shipping-taxable","14":"product-type-simple"},"_links":{"self":[{"href":"https:\/\/deccore.com.br\/loja\/wp-json\/wp\/v2\/product\/7128","targetHints":{"allow":["GET"]}}],"collection":[{"href":"https:\/\/deccore.com.br\/loja\/wp-json\/wp\/v2\/product"}],"about":[{"href":"https:\/\/deccore.com.br\/loja\/wp-json\/wp\/v2\/types\/product"}],"version-history":[{"count":8,"href":"https:\/\/deccore.com.br\/loja\/wp-json\/wp\/v2\/product\/7128\/revisions"}],"predecessor-version":[{"id":16050,"href":"https:\/\/deccore.com.br\/loja\/wp-json\/wp\/v2\/product\/7128\/revisions\/16050"}],"wp:featuredmedia":[{"embeddable":true,"href":"https:\/\/deccore.com.br\/loja\/wp-json\/wp\/v2\/media\/7129"}],"wp:attachment":[{"href":"https:\/\/deccore.com.br\/loja\/wp-json\/wp\/v2\/media?parent=7128"}],"wp:term":[{"taxonomy":"product_brand","embeddable":true,"href":"https:\/\/deccore.com.br\/loja\/wp-json\/wp\/v2\/product_brand?post=7128"},{"taxonomy":"product_cat","embeddable":true,"href":"https:\/\/deccore.com.br\/loja\/wp-json\/wp\/v2\/product_cat?post=7128"},{"taxonomy":"product_tag","embeddable":true,"href":"https:\/\/deccore.com.br\/loja\/wp-json\/wp\/v2\/product_tag?post=7128"}],"curies":[{"name":"wp","href":"https:\/\/api.w.org\/{rel}","templated":true}]}}