{"id":7141,"date":"2021-07-28T17:57:00","date_gmt":"2021-07-28T17:57:00","guid":{"rendered":"https:\/\/deccore.com.br\/loja\/?post_type=product&#038;p=7141"},"modified":"2021-11-23T18:51:29","modified_gmt":"2021-11-23T18:51:29","slug":"aparador-tapajos-designer-daniela-ziegler","status":"publish","type":"product","link":"https:\/\/deccore.com.br\/loja\/product\/aparador-tapajos-designer-daniela-ziegler\/","title":{"rendered":"APARADOR TAPAJ\u00d3S DESIGNER &#8211; DANIELA ZIEGLER"},"content":{"rendered":"","protected":false},"excerpt":{"rendered":"<p>Daniela Ziegler \u2013 diretora do Est\u00fadio DAZ DESIGN, fundado no ano 2000, em Bento Gon\u00e7alves, RS \u2013 \u00e9 formada em Desenho Industrial \u2013 Programa\u00e7\u00e3o Visual, pela UFSM, com p\u00f3s-gradua\u00e7\u00e3o em Design de Produto. Ap\u00f3s uma temporada em Londres \u2013 com passagem pela Saint Martins \u2013, teve contato com diferentes vertentes do design, o que foi decisivo para um foco maior no desenvolvimento de projetos no segmento moveleiro, principalmente na linha do alto design.<\/p>\n","protected":false},"featured_media":7142,"template":"","meta":[],"product_brand":[],"product_cat":[68],"product_tag":[],"class_list":{"0":"post-7141","1":"product","2":"type-product","3":"status-publish","4":"has-post-thumbnail","6":"product_cat-aparador","8":"first","9":"instock","10":"shipping-taxable","11":"product-type-simple"},"_links":{"self":[{"href":"https:\/\/deccore.com.br\/loja\/wp-json\/wp\/v2\/product\/7141","targetHints":{"allow":["GET"]}}],"collection":[{"href":"https:\/\/deccore.com.br\/loja\/wp-json\/wp\/v2\/product"}],"about":[{"href":"https:\/\/deccore.com.br\/loja\/wp-json\/wp\/v2\/types\/product"}],"version-history":[{"count":1,"href":"https:\/\/deccore.com.br\/loja\/wp-json\/wp\/v2\/product\/7141\/revisions"}],"predecessor-version":[{"id":7144,"href":"https:\/\/deccore.com.br\/loja\/wp-json\/wp\/v2\/product\/7141\/revisions\/7144"}],"wp:featuredmedia":[{"embeddable":true,"href":"https:\/\/deccore.com.br\/loja\/wp-json\/wp\/v2\/media\/7142"}],"wp:attachment":[{"href":"https:\/\/deccore.com.br\/loja\/wp-json\/wp\/v2\/media?parent=7141"}],"wp:term":[{"taxonomy":"product_brand","embeddable":true,"href":"https:\/\/deccore.com.br\/loja\/wp-json\/wp\/v2\/product_brand?post=7141"},{"taxonomy":"product_cat","embeddable":true,"href":"https:\/\/deccore.com.br\/loja\/wp-json\/wp\/v2\/product_cat?post=7141"},{"taxonomy":"product_tag","embeddable":true,"href":"https:\/\/deccore.com.br\/loja\/wp-json\/wp\/v2\/product_tag?post=7141"}],"curies":[{"name":"wp","href":"https:\/\/api.w.org\/{rel}","templated":true}]}}