{"id":7215,"date":"2021-08-06T13:32:48","date_gmt":"2021-08-06T13:32:48","guid":{"rendered":"https:\/\/deccore.com.br\/loja\/?post_type=product&#038;p=7215"},"modified":"2021-08-06T13:35:54","modified_gmt":"2021-08-06T13:35:54","slug":"pierre-paulin-designer-de-moveis","status":"publish","type":"product","link":"https:\/\/deccore.com.br\/loja\/product\/pierre-paulin-designer-de-moveis\/","title":{"rendered":"PIERRE PAULIN &#8211; DESIGNER DE M\u00d3VEIS"},"content":{"rendered":"","protected":false},"excerpt":{"rendered":"<p>Pierre Paulin \u00e9 um escultor da d\u00e9cada de 50, desenhou m\u00f3veis e trabalhou como designer para para grandes empresas europeias de m\u00f3veis. Suas palavras inspiraram a ARTESIAN a fazer a ele este tributo, atrav\u00e9s da poltrona Oyster: &#8220;Uma cadeira deve ser mais do que simplesmente funcional. Deve ser amig\u00e1vel, divertida e colorida\u201d- Pierre Paulin.<\/p>\n","protected":false},"featured_media":7216,"template":"","meta":[],"product_brand":[],"product_cat":[15],"product_tag":[],"class_list":{"0":"post-7215","1":"product","2":"type-product","3":"status-publish","4":"has-post-thumbnail","6":"product_cat-uncategorized","8":"first","9":"instock","10":"shipping-taxable","11":"product-type-simple"},"_links":{"self":[{"href":"https:\/\/deccore.com.br\/loja\/wp-json\/wp\/v2\/product\/7215","targetHints":{"allow":["GET"]}}],"collection":[{"href":"https:\/\/deccore.com.br\/loja\/wp-json\/wp\/v2\/product"}],"about":[{"href":"https:\/\/deccore.com.br\/loja\/wp-json\/wp\/v2\/types\/product"}],"version-history":[{"count":2,"href":"https:\/\/deccore.com.br\/loja\/wp-json\/wp\/v2\/product\/7215\/revisions"}],"predecessor-version":[{"id":7220,"href":"https:\/\/deccore.com.br\/loja\/wp-json\/wp\/v2\/product\/7215\/revisions\/7220"}],"wp:featuredmedia":[{"embeddable":true,"href":"https:\/\/deccore.com.br\/loja\/wp-json\/wp\/v2\/media\/7216"}],"wp:attachment":[{"href":"https:\/\/deccore.com.br\/loja\/wp-json\/wp\/v2\/media?parent=7215"}],"wp:term":[{"taxonomy":"product_brand","embeddable":true,"href":"https:\/\/deccore.com.br\/loja\/wp-json\/wp\/v2\/product_brand?post=7215"},{"taxonomy":"product_cat","embeddable":true,"href":"https:\/\/deccore.com.br\/loja\/wp-json\/wp\/v2\/product_cat?post=7215"},{"taxonomy":"product_tag","embeddable":true,"href":"https:\/\/deccore.com.br\/loja\/wp-json\/wp\/v2\/product_tag?post=7215"}],"curies":[{"name":"wp","href":"https:\/\/api.w.org\/{rel}","templated":true}]}}