{"id":7230,"date":"2021-08-11T14:03:57","date_gmt":"2021-08-11T14:03:57","guid":{"rendered":"https:\/\/deccore.com.br\/loja\/?post_type=product&#038;p=7230"},"modified":"2021-11-30T13:56:44","modified_gmt":"2021-11-30T13:56:44","slug":"larissa-diegoli-arquiteta-e-designer-de-produtos","status":"publish","type":"product","link":"https:\/\/deccore.com.br\/loja\/product\/larissa-diegoli-arquiteta-e-designer-de-produtos\/","title":{"rendered":"LARISSA DIEGOLI &#8211; ARQUITETA E DESIGNER DE PRODUTOS"},"content":{"rendered":"","protected":false},"excerpt":{"rendered":"<div>\n<h4 class=\"elementor-author-box__name\">Larissa Diegoli<\/h4>\n<\/div>\n<div class=\"elementor-author-box__bio\">Arquiteta por forma\u00e7\u00e3o e p\u00f3s-graduada em Marketing, Larissa traz no tra\u00e7o muito do que vivencia na arquitetura. Brincar com a volumetria \u00e9 algo que sempre a fascinou, assim como experimentar materiais inusitados e extrair deles o que tem de melhor. Sua experi\u00eancia com arquitetura de interiores foi fundamental para delinear seu caminho como designer. \u201cN\u00e3o consigo pensar em um espa\u00e7o arquitet\u00f4nico sem imaginar as pe\u00e7as que v\u00e3o comp\u00f4-lo e, da mesma forma, quando crio uma pe\u00e7a, j\u00e1 imagino todo o seu contexto\u201d. H\u00e1 26 anos atua na cria\u00e7\u00e3o de projetos autorais, inserida no mercado de alta decora\u00e7\u00e3o.<\/div>\n","protected":false},"featured_media":7231,"template":"","meta":[],"product_brand":[],"product_cat":[15],"product_tag":[],"class_list":{"0":"post-7230","1":"product","2":"type-product","3":"status-publish","4":"has-post-thumbnail","6":"product_cat-uncategorized","8":"first","9":"instock","10":"shipping-taxable","11":"product-type-simple"},"_links":{"self":[{"href":"https:\/\/deccore.com.br\/loja\/wp-json\/wp\/v2\/product\/7230","targetHints":{"allow":["GET"]}}],"collection":[{"href":"https:\/\/deccore.com.br\/loja\/wp-json\/wp\/v2\/product"}],"about":[{"href":"https:\/\/deccore.com.br\/loja\/wp-json\/wp\/v2\/types\/product"}],"version-history":[{"count":1,"href":"https:\/\/deccore.com.br\/loja\/wp-json\/wp\/v2\/product\/7230\/revisions"}],"predecessor-version":[{"id":7234,"href":"https:\/\/deccore.com.br\/loja\/wp-json\/wp\/v2\/product\/7230\/revisions\/7234"}],"wp:featuredmedia":[{"embeddable":true,"href":"https:\/\/deccore.com.br\/loja\/wp-json\/wp\/v2\/media\/7231"}],"wp:attachment":[{"href":"https:\/\/deccore.com.br\/loja\/wp-json\/wp\/v2\/media?parent=7230"}],"wp:term":[{"taxonomy":"product_brand","embeddable":true,"href":"https:\/\/deccore.com.br\/loja\/wp-json\/wp\/v2\/product_brand?post=7230"},{"taxonomy":"product_cat","embeddable":true,"href":"https:\/\/deccore.com.br\/loja\/wp-json\/wp\/v2\/product_cat?post=7230"},{"taxonomy":"product_tag","embeddable":true,"href":"https:\/\/deccore.com.br\/loja\/wp-json\/wp\/v2\/product_tag?post=7230"}],"curies":[{"name":"wp","href":"https:\/\/api.w.org\/{rel}","templated":true}]}}