{"id":7239,"date":"2021-08-11T16:19:11","date_gmt":"2021-08-11T16:19:11","guid":{"rendered":"https:\/\/deccore.com.br\/loja\/?post_type=product&#038;p=7239"},"modified":"2022-10-28T18:20:45","modified_gmt":"2022-10-28T18:20:45","slug":"ambos-estudio","status":"publish","type":"product","link":"https:\/\/deccore.com.br\/loja\/product\/ambos-estudio\/","title":{"rendered":"AMBOS EST\u00daDIO"},"content":{"rendered":"","protected":false},"excerpt":{"rendered":"<div>\n<h4 class=\"elementor-author-box__name\">Ambos Est\u00fadio<\/h4>\n<\/div>\n<div class=\"elementor-author-box__bio\">O Est\u00fadio Ambos \u00e9 especializado na cria\u00e7\u00e3o de produtos autorais. Em cada uma de suas obras, buscam tornar o cotidiano mais confort\u00e1vel e funcional, explorando o uso consciente dos materiais e prezando por produtos de alta qualidade. Al\u00e9m disso, suas cria\u00e7\u00f5es buscam expressar significados e conceitos, segundo eles: &#8220;Entendemos o design como uma forma de linguagem, uma conversa com quem utiliza a pe\u00e7a&#8221;.<\/div>\n","protected":false},"featured_media":7240,"template":"","meta":[],"product_brand":[],"product_cat":[15],"product_tag":[],"class_list":{"0":"post-7239","1":"product","2":"type-product","3":"status-publish","4":"has-post-thumbnail","6":"product_cat-uncategorized","8":"first","9":"instock","10":"shipping-taxable","11":"product-type-simple"},"_links":{"self":[{"href":"https:\/\/deccore.com.br\/loja\/wp-json\/wp\/v2\/product\/7239","targetHints":{"allow":["GET"]}}],"collection":[{"href":"https:\/\/deccore.com.br\/loja\/wp-json\/wp\/v2\/product"}],"about":[{"href":"https:\/\/deccore.com.br\/loja\/wp-json\/wp\/v2\/types\/product"}],"version-history":[{"count":3,"href":"https:\/\/deccore.com.br\/loja\/wp-json\/wp\/v2\/product\/7239\/revisions"}],"predecessor-version":[{"id":10669,"href":"https:\/\/deccore.com.br\/loja\/wp-json\/wp\/v2\/product\/7239\/revisions\/10669"}],"wp:featuredmedia":[{"embeddable":true,"href":"https:\/\/deccore.com.br\/loja\/wp-json\/wp\/v2\/media\/7240"}],"wp:attachment":[{"href":"https:\/\/deccore.com.br\/loja\/wp-json\/wp\/v2\/media?parent=7239"}],"wp:term":[{"taxonomy":"product_brand","embeddable":true,"href":"https:\/\/deccore.com.br\/loja\/wp-json\/wp\/v2\/product_brand?post=7239"},{"taxonomy":"product_cat","embeddable":true,"href":"https:\/\/deccore.com.br\/loja\/wp-json\/wp\/v2\/product_cat?post=7239"},{"taxonomy":"product_tag","embeddable":true,"href":"https:\/\/deccore.com.br\/loja\/wp-json\/wp\/v2\/product_tag?post=7239"}],"curies":[{"name":"wp","href":"https:\/\/api.w.org\/{rel}","templated":true}]}}