{"id":7260,"date":"2021-08-12T17:35:37","date_gmt":"2021-08-12T17:35:37","guid":{"rendered":"https:\/\/deccore.com.br\/loja\/?post_type=product&#038;p=7260"},"modified":"2021-08-12T17:35:37","modified_gmt":"2021-08-12T17:35:37","slug":"luciano-santelli-designer","status":"publish","type":"product","link":"https:\/\/deccore.com.br\/loja\/product\/luciano-santelli-designer\/","title":{"rendered":"LUCIANO SANTELLI &#8211; DESIGNER"},"content":{"rendered":"","protected":false},"excerpt":{"rendered":"<div>\n<h4 class=\"elementor-author-box__name\">Luciano Santelli<\/h4>\n<\/div>\n<div class=\"elementor-author-box__bio\">Formado em Desenho pela Universidade Mackenzie de S\u00e3o Paulo, Luciano trabalhou primeiramente em escrit\u00f3rios focados no design de eletrodom\u00e9sticos e eletr\u00f4nicos, o que lhe deu uma vis\u00e3o mais ampla dos processos industriais. Em 2005 come\u00e7ou a desenvolver produtos direcionados ao mercado de decora\u00e7\u00e3o. Trabalhando com metal, pedras e madeiras brasileiras, sua filosofia \u00e9 buscar ousadia e originalidade misturando refer\u00eancias est\u00e9ticas e materiais familiares, a fim de criar uma identifica\u00e7\u00e3o mais forte com cada produto.<\/div>\n","protected":false},"featured_media":7261,"template":"","meta":[],"product_brand":[],"product_cat":[15],"product_tag":[],"class_list":{"0":"post-7260","1":"product","2":"type-product","3":"status-publish","4":"has-post-thumbnail","6":"product_cat-uncategorized","8":"first","9":"instock","10":"shipping-taxable","11":"product-type-simple"},"_links":{"self":[{"href":"https:\/\/deccore.com.br\/loja\/wp-json\/wp\/v2\/product\/7260","targetHints":{"allow":["GET"]}}],"collection":[{"href":"https:\/\/deccore.com.br\/loja\/wp-json\/wp\/v2\/product"}],"about":[{"href":"https:\/\/deccore.com.br\/loja\/wp-json\/wp\/v2\/types\/product"}],"version-history":[{"count":2,"href":"https:\/\/deccore.com.br\/loja\/wp-json\/wp\/v2\/product\/7260\/revisions"}],"predecessor-version":[{"id":9262,"href":"https:\/\/deccore.com.br\/loja\/wp-json\/wp\/v2\/product\/7260\/revisions\/9262"}],"wp:featuredmedia":[{"embeddable":true,"href":"https:\/\/deccore.com.br\/loja\/wp-json\/wp\/v2\/media\/7261"}],"wp:attachment":[{"href":"https:\/\/deccore.com.br\/loja\/wp-json\/wp\/v2\/media?parent=7260"}],"wp:term":[{"taxonomy":"product_brand","embeddable":true,"href":"https:\/\/deccore.com.br\/loja\/wp-json\/wp\/v2\/product_brand?post=7260"},{"taxonomy":"product_cat","embeddable":true,"href":"https:\/\/deccore.com.br\/loja\/wp-json\/wp\/v2\/product_cat?post=7260"},{"taxonomy":"product_tag","embeddable":true,"href":"https:\/\/deccore.com.br\/loja\/wp-json\/wp\/v2\/product_tag?post=7260"}],"curies":[{"name":"wp","href":"https:\/\/api.w.org\/{rel}","templated":true}]}}