{"id":7263,"date":"2021-08-12T17:42:42","date_gmt":"2021-08-12T17:42:42","guid":{"rendered":"https:\/\/deccore.com.br\/loja\/?post_type=product&#038;p=7263"},"modified":"2021-08-12T17:42:42","modified_gmt":"2021-08-12T17:42:42","slug":"mula-preta-design","status":"publish","type":"product","link":"https:\/\/deccore.com.br\/loja\/product\/mula-preta-design\/","title":{"rendered":"MULA PRETA DESIGN"},"content":{"rendered":"","protected":false},"excerpt":{"rendered":"<div>\n<h4 class=\"elementor-author-box__name\">Mula Preta Design<\/h4>\n<\/div>\n<div class=\"elementor-author-box__bio\">Est\u00fadio de Design de Produtos fundado por Felipe Bezerra e Andr\u00e9 Gurgel em Natal, no ano de 2012, quando decidiram se associar pela grande afinidade na esfera criativa. Felipe Bezerra nasceu em Natal em 1970, \u00e9 arquiteto graduado pela UFRN e dirige tamb\u00e9m o escrit\u00f3rio Felipe Bezerra Arquitetos desde 2000. Andr\u00e9 Gurgel \u00e9 designer com especializa\u00e7\u00e3o em design gr\u00e1fico tridimensional e visualiza\u00e7\u00e3o de produtos, nasceu em Natal em 1988, e dirige tamb\u00e9m o est\u00fadio de computa\u00e7\u00e3o gr\u00e1fica VirtuaCG.<\/div>\n","protected":false},"featured_media":7264,"template":"","meta":[],"product_brand":[],"product_cat":[15],"product_tag":[],"class_list":{"0":"post-7263","1":"product","2":"type-product","3":"status-publish","4":"has-post-thumbnail","6":"product_cat-uncategorized","8":"first","9":"instock","10":"shipping-taxable","11":"product-type-simple"},"_links":{"self":[{"href":"https:\/\/deccore.com.br\/loja\/wp-json\/wp\/v2\/product\/7263","targetHints":{"allow":["GET"]}}],"collection":[{"href":"https:\/\/deccore.com.br\/loja\/wp-json\/wp\/v2\/product"}],"about":[{"href":"https:\/\/deccore.com.br\/loja\/wp-json\/wp\/v2\/types\/product"}],"version-history":[{"count":1,"href":"https:\/\/deccore.com.br\/loja\/wp-json\/wp\/v2\/product\/7263\/revisions"}],"predecessor-version":[{"id":7266,"href":"https:\/\/deccore.com.br\/loja\/wp-json\/wp\/v2\/product\/7263\/revisions\/7266"}],"wp:featuredmedia":[{"embeddable":true,"href":"https:\/\/deccore.com.br\/loja\/wp-json\/wp\/v2\/media\/7264"}],"wp:attachment":[{"href":"https:\/\/deccore.com.br\/loja\/wp-json\/wp\/v2\/media?parent=7263"}],"wp:term":[{"taxonomy":"product_brand","embeddable":true,"href":"https:\/\/deccore.com.br\/loja\/wp-json\/wp\/v2\/product_brand?post=7263"},{"taxonomy":"product_cat","embeddable":true,"href":"https:\/\/deccore.com.br\/loja\/wp-json\/wp\/v2\/product_cat?post=7263"},{"taxonomy":"product_tag","embeddable":true,"href":"https:\/\/deccore.com.br\/loja\/wp-json\/wp\/v2\/product_tag?post=7263"}],"curies":[{"name":"wp","href":"https:\/\/api.w.org\/{rel}","templated":true}]}}