{"id":7322,"date":"2021-08-18T18:25:22","date_gmt":"2021-08-18T18:25:22","guid":{"rendered":"https:\/\/deccore.com.br\/loja\/?post_type=product&#038;p=7322"},"modified":"2021-11-30T13:37:28","modified_gmt":"2021-11-30T13:37:28","slug":"mesa-jantar-marilia","status":"publish","type":"product","link":"https:\/\/deccore.com.br\/loja\/product\/mesa-jantar-marilia\/","title":{"rendered":"MESA JANTAR MARILIA"},"content":{"rendered":"","protected":false},"excerpt":{"rendered":"<p>OP\u00c7\u00d5ES DE ACABAMENTOS.<\/p>\n<p>OP\u00c7\u00d5ES DE MEDIDAS.<\/p>\n<p>A sala de jantar \u00e9 parte integrante de uma casa. O ponto focal da vida familiar, a escolha certa de mesa de jantar pode melhorar qualquer experi\u00eancia de jantar e espa\u00e7o.\u00a0De nossa gama de mesas de sala de jantar habilmente trabalhadas, descubra m\u00f3veis que trazem sutileza e funcionalidade em sua casa \u2013 ideal para refei\u00e7\u00f5es di\u00e1rias e ocasi\u00f5es especiais.<\/p>\n","protected":false},"featured_media":7323,"template":"","meta":[],"product_brand":[],"product_cat":[69],"product_tag":[],"class_list":{"0":"post-7322","1":"product","2":"type-product","3":"status-publish","4":"has-post-thumbnail","6":"product_cat-mesa-jantar","8":"first","9":"instock","10":"shipping-taxable","11":"product-type-simple"},"_links":{"self":[{"href":"https:\/\/deccore.com.br\/loja\/wp-json\/wp\/v2\/product\/7322","targetHints":{"allow":["GET"]}}],"collection":[{"href":"https:\/\/deccore.com.br\/loja\/wp-json\/wp\/v2\/product"}],"about":[{"href":"https:\/\/deccore.com.br\/loja\/wp-json\/wp\/v2\/types\/product"}],"version-history":[{"count":1,"href":"https:\/\/deccore.com.br\/loja\/wp-json\/wp\/v2\/product\/7322\/revisions"}],"predecessor-version":[{"id":7325,"href":"https:\/\/deccore.com.br\/loja\/wp-json\/wp\/v2\/product\/7322\/revisions\/7325"}],"wp:featuredmedia":[{"embeddable":true,"href":"https:\/\/deccore.com.br\/loja\/wp-json\/wp\/v2\/media\/7323"}],"wp:attachment":[{"href":"https:\/\/deccore.com.br\/loja\/wp-json\/wp\/v2\/media?parent=7322"}],"wp:term":[{"taxonomy":"product_brand","embeddable":true,"href":"https:\/\/deccore.com.br\/loja\/wp-json\/wp\/v2\/product_brand?post=7322"},{"taxonomy":"product_cat","embeddable":true,"href":"https:\/\/deccore.com.br\/loja\/wp-json\/wp\/v2\/product_cat?post=7322"},{"taxonomy":"product_tag","embeddable":true,"href":"https:\/\/deccore.com.br\/loja\/wp-json\/wp\/v2\/product_tag?post=7322"}],"curies":[{"name":"wp","href":"https:\/\/api.w.org\/{rel}","templated":true}]}}